{"id":5906,"date":"2024-11-27T21:19:13","date_gmt":"2024-11-27T21:19:13","guid":{"rendered":"https:\/\/raymarine.ee\/?page_id=5906"},"modified":"2025-02-04T23:19:10","modified_gmt":"2025-02-04T21:19:10","slug":"about-us","status":"publish","type":"page","link":"https:\/\/navsystems.shop\/en\/about-us\/","title":{"rendered":"Privacy Policy"},"content":{"rendered":"\t\t<div data-elementor-type=\"wp-page\" data-elementor-id=\"5906\" class=\"elementor elementor-5906\" data-elementor-post-type=\"page\">\n\t\t\t\t<div class=\"elementor-element elementor-element-52c41938 e-flex e-con-boxed e-con e-parent\" data-id=\"52c41938\" data-element_type=\"container\" data-e-type=\"container\" data-settings=\"{&quot;background_background&quot;:&quot;classic&quot;}\">\n\t\t\t\t\t<div class=\"e-con-inner\">\n\t\t<div class=\"elementor-element elementor-element-5f763de2 e-con-full e-flex e-con e-child\" data-id=\"5f763de2\" data-element_type=\"container\" data-e-type=\"container\" data-settings=\"{&quot;background_background&quot;:&quot;classic&quot;}\">\n\t\t\t\t<div class=\"elementor-element elementor-element-16a061f6 elementor-widget elementor-widget-heading\" data-id=\"16a061f6\" data-element_type=\"widget\" data-e-type=\"widget\" data-widget_type=\"heading.default\">\n\t\t\t\t\t<h1 class=\"elementor-heading-title elementor-size-default\">K\u00fcpsiste kasutamine- ja privaatsuspoliitika<\/h1>\t\t\t\t<\/div>\n\t\t\t\t<div class=\"elementor-element elementor-element-57be2f1b elementor-widget__width-initial elementor-widget elementor-widget-text-editor\" data-id=\"57be2f1b\" data-element_type=\"widget\" data-e-type=\"widget\" data-widget_type=\"text-editor.default\">\n\t\t\t\t\t\t\t\t\t<p>Navsystems O\u00dc on v\u00f5tnud endale kohustuseks kaitsta klientide ja kasutajate privaatsust. Sellest tulenevalt j\u00e4rgime k\u00e4esolevaid privaatsuspoliitika p\u00f5him\u00f5tteid, mis k\u00e4sitlevad kliendi andmete kogumist, kasutamist, avaldamist, edastamist ja s\u00e4ilitamist. Meie tegevus Internetis on koosk\u00f5las k\u00f5igi asjakohaste tegevuste ja vastavate Euroopa Liidu \u00f5igusaktidega ning Eesti Vabariigi seadustega.<\/p><p><span style=\"color: #993300;\">K\u00fcsimuste korral v\u00f5tke meiega \u00fchendust!<\/span><\/p><p><strong>Isikuandmete t\u00f6\u00f6tlemine<\/strong><\/p><p>Veebipoe <a>www.raymarine.ee<\/a> isikuandmete vastutav t\u00f6\u00f6tleja on Navsystems O\u00dc (registrikood: 12100770),\u00a0 \u00a0 \u00a0 \u00a0 \u00a0 <br \/>juriidiline aadress: K\u00f5ivu p\u00f5ik 4, Tallinn 12113, tel +372 608 0248 ja e-mail: info[@]raymarine.ee\u00a0 \u00a0 \u00a0 \u00a0 \u00a0 \u00a0 \u00a0 \u00a0 \u00a0 \u00a0 \u00a0 \u00a0 \u00a0 \u00a0 \u00a0 \u00a0 \u00a0 \u00a0 <br \/>Vastutava t\u00f6\u00f6tleja kontaktandmed on: tel +372 508 8768 ja e-mail: ivar[@]raymarine.ee.<\/p><p><strong>Milliseid isikuandmeid t\u00f6\u00f6deldakse:<\/strong><\/p><ul data-spread=\"false\"><li><p>nimi, telefoninumber ja e-posti aadress;<\/p><\/li><li><p>kauba kohaletoimetamise aadress;<\/p><\/li><li><p>pangakonto number;<\/p><\/li><li><p>kaupade ja teenuste maksumus ja maksetega seotud andmed (ostuajalugu);<\/p><\/li><li><p>klienditoe andmed.<\/p><\/li><\/ul><p><strong>Mis eesm\u00e4rgil isikuandmeid t\u00f6\u00f6deldakse<\/strong><\/p><p>Isikuandmeid kasutatakse kliendi tellimuste haldamiseks ja kauba kohaletoimetamiseks. Ostuajaloo andmeid kasutatakse ostetud kaupade ja teenuste \u00fclevaate koostamiseks ning kliendieelistuste anal\u00fc\u00fcsimiseks. Pangakonto numbrit kasutatakse kliendile maksete tagastamiseks. Kliendi IP-aadressi v\u00f5i teisi v\u00f5rguidentifikaatoreid t\u00f6\u00f6deldakse veebipoe funktsionaalsuse tagamiseks ning veebikasutusstatistika tegemiseks.<\/p><p><strong>\u00d5iguslik alus<\/strong><\/p><p>Isikuandmete t\u00f6\u00f6tlemine toimub kliendiga s\u00f5lmitud lepingu t\u00e4itmise eesm\u00e4rgil ja juriidilise kohustuse t\u00e4itmiseks (nt raamatupidamine ja tarbijavaidluste lahendamine).<\/p><p><strong>Isikuandmete edastamine<\/strong><\/p><p>Isikuandmeid edastatakse veebipoe klienditoele ostude ja ostuajaloo haldamiseks ja kliendiprobleemide lahendamiseks. Kontaktandmed edastatakse kliendi poolt valitud transporditeenuse pakkujale kauba kohaletoimetamiseks. Raamatupidamisteenuse korral edastatakse andmed teenusepakkujale raamatupidamistoimingute tegemiseks.<\/p><p><strong>Turvalisus ja andmetele ligip\u00e4\u00e4s<\/strong><\/p><p>Isikuandmeid hoitakse turvalistes serverites EL-is. Juurdep\u00e4\u00e4s andmetele on ainult volitatud t\u00f6\u00f6tlejatel ning k\u00f5ik volitatud t\u00f6\u00f6tlejad on kohustatud tagama andmete t\u00f6\u00f6tlemisel asjakohased kaitsemeetmed.<\/p><p><strong>Isikuandmetega tutvumine ja parandamine<\/strong><\/p><p>Isikuandmetega saab tutvuda ja neid parandada veebipoe kasutajaprofiilis v\u00f5i klienditoe vahendusel.<\/p><p><strong>N\u00f5usoleku tagasiv\u00f5tmine<\/strong><\/p><p>Kui isikuandmete t\u00f6\u00f6tlemine toimub n\u00f5usoleku alusel, on kliendil \u00f5igus n\u00f5usolek tagasi v\u00f5tta, teavitades sellest kliendituge e-posti teel.<\/p><p><strong>S\u00e4ilitamine ja kustutamine<\/strong><\/p><p>Veebipoe kliendikonto sulgemisel kustutatakse isikuandmed, v\u00e4lja arvatud juhul, kui neid on vaja s\u00e4ilitada raamatupidamise v\u00f5i tarbijavaidluste lahendamiseks. Ostuajalugu s\u00e4ilitatakse kolm aastat, maksete ja tarbijavaidlustega seotud andmed s\u00e4ilitatakse kuni n\u00f5ude t\u00e4itmiseni v\u00f5i aegumist\u00e4htaja l\u00f5puni ning raamatupidamisega seotud andmed seitse aastat.<\/p><p><strong>Otseturustusteated<\/strong><\/p><p>E-kirja aadressi ja telefoninumbrit kasutatakse otseturundusteadete saatmiseks vaid kliendi n\u00f5usolekul. Klient saab igal ajal keelduda otseturustuste teadetest e-kirja jaluses oleva lingi kaudu v\u00f5i teavitades kliendituge e-posti teel.<\/p><p>Kinnitame, et tegelikult me mitte kunagi \u00fchtegi turundusteadet ega reklaami ei saada \u2013 meil on soliidne firma! R\u00e4mpspost, mida ekslikult nimetatakse \u201ce-turunduseks\u201d, on j\u00f5mmide-, petiste- ja \u00e4rplejate teema.<\/p><p><strong>Vaidluste lahendamine<\/strong><\/p><p>Isikuandmete t\u00f6\u00f6tlemisega seotud vaidluste lahendamine toimub klienditoe vahendusel: info[@]raymarine.ee,\u00a0 \u00a0 \u00a0 \u00a0 \u00a0 \u00a0 tel: +372 608 0248.<\/p><p><strong>J\u00e4relevalveasutus<\/strong> on <strong>Eesti Andmekaitse Inspektsioon<\/strong> (<a>info@aki.ee<\/a>).<\/p><p><strong>Maksekeskus<\/strong> on volitatud andmete t\u00f6\u00f6tleja.<\/p><p>K\u00f5ikide raymarine.ee keskkonnast ostude sooritamisega seotud k\u00fcsimuste korral helistage numbrile: +372 508 8768.<\/p><p>________________________________________________________________________________________________________<\/p><p><strong>Lugupidamisega<\/strong>,<\/p><p>Navsystems O\u00dc meeskond.<\/p>\t\t\t\t\t\t\t\t<\/div>\n\t\t\t\t<\/div>\n\t\t\t\t\t<\/div>\n\t\t\t\t<\/div>\n\t\t\t\t<\/div>\n\t\t","protected":false},"excerpt":{"rendered":"<p>K\u00fcpsiste kasutamine- ja privaatsuspoliitika Navsystems O\u00dc on v\u00f5tnud endale kohustuseks kaitsta klientide ja kasutajate privaatsust. Sellest tulenevalt j\u00e4rgime k\u00e4esolevaid privaatsuspoliitika p\u00f5him\u00f5tteid, mis k\u00e4sitlevad kliendi andmete kogumist, kasutamist, avaldamist, edastamist ja s\u00e4ilitamist. Meie tegevus Internetis on koosk\u00f5las k\u00f5igi asjakohaste tegevuste ja vastavate Euroopa Liidu \u00f5igusaktidega ning Eesti Vabariigi seadustega. K\u00fcsimuste korral v\u00f5tke meiega \u00fchendust! Isikuandmete t\u00f6\u00f6tlemine [&hellip;]<\/p>\n","protected":false},"author":1,"featured_media":0,"parent":0,"menu_order":0,"comment_status":"closed","ping_status":"closed","template":"","meta":{"footnotes":""},"class_list":["post-5906","page","type-page","status-publish","hentry"],"yoast_head":"<!-- This site is optimized with the Yoast SEO plugin v27.3 - https:\/\/yoast.com\/product\/yoast-seo-wordpress\/ -->\n<title>Privaatsuspoliitika - NavSystems<\/title>\n<meta name=\"robots\" content=\"index, follow, max-snippet:-1, max-image-preview:large, max-video-preview:-1\" \/>\n<link rel=\"canonical\" href=\"https:\/\/navsystems.shop\/en\/about-us\/\" \/>\n<meta property=\"og:locale\" content=\"en_US\" \/>\n<meta property=\"og:type\" content=\"article\" \/>\n<meta property=\"og:title\" content=\"Privaatsuspoliitika - NavSystems\" \/>\n<meta property=\"og:description\" content=\"K\u00fcpsiste kasutamine- ja privaatsuspoliitika Navsystems O\u00dc on v\u00f5tnud endale kohustuseks kaitsta klientide ja kasutajate privaatsust. Sellest tulenevalt j\u00e4rgime k\u00e4esolevaid privaatsuspoliitika p\u00f5him\u00f5tteid, mis k\u00e4sitlevad kliendi andmete kogumist, kasutamist, avaldamist, edastamist ja s\u00e4ilitamist. Meie tegevus Internetis on koosk\u00f5las k\u00f5igi asjakohaste tegevuste ja vastavate Euroopa Liidu \u00f5igusaktidega ning Eesti Vabariigi seadustega. K\u00fcsimuste korral v\u00f5tke meiega \u00fchendust! Isikuandmete t\u00f6\u00f6tlemine [&hellip;]\" \/>\n<meta property=\"og:url\" content=\"https:\/\/navsystems.shop\/en\/about-us\/\" \/>\n<meta property=\"og:site_name\" content=\"NavSystems\" \/>\n<meta property=\"article:modified_time\" content=\"2025-02-04T21:19:10+00:00\" \/>\n<meta name=\"twitter:card\" content=\"summary_large_image\" \/>\n<meta name=\"twitter:label1\" content=\"Est. reading time\" \/>\n\t<meta name=\"twitter:data1\" content=\"2 minutes\" \/>\n<script type=\"application\/ld+json\" class=\"yoast-schema-graph\">{\"@context\":\"https:\\\/\\\/schema.org\",\"@graph\":[{\"@type\":\"WebPage\",\"@id\":\"https:\\\/\\\/navsystems.shop\\\/about-us\\\/\",\"url\":\"https:\\\/\\\/navsystems.shop\\\/about-us\\\/\",\"name\":\"Privaatsuspoliitika - NavSystems\",\"isPartOf\":{\"@id\":\"https:\\\/\\\/navsystems.shop\\\/#website\"},\"datePublished\":\"2024-11-27T21:19:13+00:00\",\"dateModified\":\"2025-02-04T21:19:10+00:00\",\"breadcrumb\":{\"@id\":\"https:\\\/\\\/navsystems.shop\\\/about-us\\\/#breadcrumb\"},\"inLanguage\":\"en-US\",\"potentialAction\":[{\"@type\":\"ReadAction\",\"target\":[\"https:\\\/\\\/navsystems.shop\\\/about-us\\\/\"]}]},{\"@type\":\"BreadcrumbList\",\"@id\":\"https:\\\/\\\/navsystems.shop\\\/about-us\\\/#breadcrumb\",\"itemListElement\":[{\"@type\":\"ListItem\",\"position\":1,\"name\":\"Home\",\"item\":\"https:\\\/\\\/navsystems.shop\\\/\"},{\"@type\":\"ListItem\",\"position\":2,\"name\":\"Privaatsuspoliitika\"}]},{\"@type\":\"WebSite\",\"@id\":\"https:\\\/\\\/navsystems.shop\\\/#website\",\"url\":\"https:\\\/\\\/navsystems.shop\\\/\",\"name\":\"NavSystems\",\"description\":\"\",\"publisher\":{\"@id\":\"https:\\\/\\\/navsystems.shop\\\/#organization\"},\"potentialAction\":[{\"@type\":\"SearchAction\",\"target\":{\"@type\":\"EntryPoint\",\"urlTemplate\":\"https:\\\/\\\/navsystems.shop\\\/?s={search_term_string}\"},\"query-input\":{\"@type\":\"PropertyValueSpecification\",\"valueRequired\":true,\"valueName\":\"search_term_string\"}}],\"inLanguage\":\"en-US\"},{\"@type\":\"Organization\",\"@id\":\"https:\\\/\\\/navsystems.shop\\\/#organization\",\"name\":\"NavSystems\",\"url\":\"https:\\\/\\\/navsystems.shop\\\/\",\"logo\":{\"@type\":\"ImageObject\",\"inLanguage\":\"en-US\",\"@id\":\"https:\\\/\\\/navsystems.shop\\\/#\\\/schema\\\/logo\\\/image\\\/\",\"url\":\"https:\\\/\\\/navsystems.shop\\\/wp-content\\\/uploads\\\/2025\\\/04\\\/cropped-logo-Navsystems-GTrans-update-work-file.png\",\"contentUrl\":\"https:\\\/\\\/navsystems.shop\\\/wp-content\\\/uploads\\\/2025\\\/04\\\/cropped-logo-Navsystems-GTrans-update-work-file.png\",\"width\":1182,\"height\":240,\"caption\":\"NavSystems\"},\"image\":{\"@id\":\"https:\\\/\\\/navsystems.shop\\\/#\\\/schema\\\/logo\\\/image\\\/\"}}]}<\/script>\n<!-- \/ Yoast SEO plugin. -->","yoast_head_json":{"title":"Privaatsuspoliitika - NavSystems","robots":{"index":"index","follow":"follow","max-snippet":"max-snippet:-1","max-image-preview":"max-image-preview:large","max-video-preview":"max-video-preview:-1"},"canonical":"https:\/\/navsystems.shop\/en\/about-us\/","og_locale":"en_US","og_type":"article","og_title":"Privaatsuspoliitika - NavSystems","og_description":"K\u00fcpsiste kasutamine- ja privaatsuspoliitika Navsystems O\u00dc on v\u00f5tnud endale kohustuseks kaitsta klientide ja kasutajate privaatsust. Sellest tulenevalt j\u00e4rgime k\u00e4esolevaid privaatsuspoliitika p\u00f5him\u00f5tteid, mis k\u00e4sitlevad kliendi andmete kogumist, kasutamist, avaldamist, edastamist ja s\u00e4ilitamist. Meie tegevus Internetis on koosk\u00f5las k\u00f5igi asjakohaste tegevuste ja vastavate Euroopa Liidu \u00f5igusaktidega ning Eesti Vabariigi seadustega. K\u00fcsimuste korral v\u00f5tke meiega \u00fchendust! Isikuandmete t\u00f6\u00f6tlemine [&hellip;]","og_url":"https:\/\/navsystems.shop\/en\/about-us\/","og_site_name":"NavSystems","article_modified_time":"2025-02-04T21:19:10+00:00","twitter_card":"summary_large_image","twitter_misc":{"Est. reading time":"2 minutes"},"schema":{"@context":"https:\/\/schema.org","@graph":[{"@type":"WebPage","@id":"https:\/\/navsystems.shop\/about-us\/","url":"https:\/\/navsystems.shop\/about-us\/","name":"Privaatsuspoliitika - NavSystems","isPartOf":{"@id":"https:\/\/navsystems.shop\/#website"},"datePublished":"2024-11-27T21:19:13+00:00","dateModified":"2025-02-04T21:19:10+00:00","breadcrumb":{"@id":"https:\/\/navsystems.shop\/about-us\/#breadcrumb"},"inLanguage":"en-US","potentialAction":[{"@type":"ReadAction","target":["https:\/\/navsystems.shop\/about-us\/"]}]},{"@type":"BreadcrumbList","@id":"https:\/\/navsystems.shop\/about-us\/#breadcrumb","itemListElement":[{"@type":"ListItem","position":1,"name":"Home","item":"https:\/\/navsystems.shop\/"},{"@type":"ListItem","position":2,"name":"Privaatsuspoliitika"}]},{"@type":"WebSite","@id":"https:\/\/navsystems.shop\/#website","url":"https:\/\/navsystems.shop\/","name":"NavSystems","description":"","publisher":{"@id":"https:\/\/navsystems.shop\/#organization"},"potentialAction":[{"@type":"SearchAction","target":{"@type":"EntryPoint","urlTemplate":"https:\/\/navsystems.shop\/?s={search_term_string}"},"query-input":{"@type":"PropertyValueSpecification","valueRequired":true,"valueName":"search_term_string"}}],"inLanguage":"en-US"},{"@type":"Organization","@id":"https:\/\/navsystems.shop\/#organization","name":"NavSystems","url":"https:\/\/navsystems.shop\/","logo":{"@type":"ImageObject","inLanguage":"en-US","@id":"https:\/\/navsystems.shop\/#\/schema\/logo\/image\/","url":"https:\/\/navsystems.shop\/wp-content\/uploads\/2025\/04\/cropped-logo-Navsystems-GTrans-update-work-file.png","contentUrl":"https:\/\/navsystems.shop\/wp-content\/uploads\/2025\/04\/cropped-logo-Navsystems-GTrans-update-work-file.png","width":1182,"height":240,"caption":"NavSystems"},"image":{"@id":"https:\/\/navsystems.shop\/#\/schema\/logo\/image\/"}}]}},"jetpack_sharing_enabled":true,"_links":{"self":[{"href":"https:\/\/navsystems.shop\/en\/wp-json\/wp\/v2\/pages\/5906","targetHints":{"allow":["GET"]}}],"collection":[{"href":"https:\/\/navsystems.shop\/en\/wp-json\/wp\/v2\/pages"}],"about":[{"href":"https:\/\/navsystems.shop\/en\/wp-json\/wp\/v2\/types\/page"}],"author":[{"embeddable":true,"href":"https:\/\/navsystems.shop\/en\/wp-json\/wp\/v2\/users\/1"}],"replies":[{"embeddable":true,"href":"https:\/\/navsystems.shop\/en\/wp-json\/wp\/v2\/comments?post=5906"}],"version-history":[{"count":0,"href":"https:\/\/navsystems.shop\/en\/wp-json\/wp\/v2\/pages\/5906\/revisions"}],"wp:attachment":[{"href":"https:\/\/navsystems.shop\/en\/wp-json\/wp\/v2\/media?parent=5906"}],"curies":[{"name":"wp","href":"https:\/\/api.w.org\/{rel}","templated":true}]}}