{"id":8405,"date":"2025-04-13T14:30:05","date_gmt":"2025-04-13T12:30:05","guid":{"rendered":"https:\/\/navsystems.shop\/?page_id=8405"},"modified":"2025-04-13T16:46:46","modified_gmt":"2025-04-13T14:46:46","slug":"rsw-dame","status":"publish","type":"page","link":"https:\/\/navsystems.shop\/en\/rsw-dame\/","title":{"rendered":"Raymarine wins DAME Design award for RSW Smart Wind Transducer"},"content":{"rendered":"<div data-elementor-type=\"wp-page\" data-elementor-id=\"8405\" class=\"elementor elementor-8405\" data-elementor-post-type=\"page\">\n\t\t\t\t<div class=\"elementor-element elementor-element-8ad34c9 e-flex e-con-boxed e-con e-parent\" data-id=\"8ad34c9\" data-element_type=\"container\" data-e-type=\"container\" data-settings=\"{&quot;background_background&quot;:&quot;classic&quot;}\">\n\t\t\t\t\t<div class=\"e-con-inner\">\n\t\t\t\t<div class=\"elementor-element elementor-element-4c3a0fb elementor-widget elementor-widget-heading\" data-id=\"4c3a0fb\" data-element_type=\"widget\" data-e-type=\"widget\" data-widget_type=\"heading.default\">\n\t\t\t\t\t<h2 class=\"elementor-heading-title elementor-size-default\">Raymarine wins DAME Design award for RSW Smart Wind Transducer<\/h2>\t\t\t\t<\/div>\n\t\t\t\t<div class=\"elementor-element elementor-element-c802bce elementor-widget elementor-widget-text-editor\" data-id=\"c802bce\" data-element_type=\"widget\" data-e-type=\"widget\" data-widget_type=\"text-editor.default\">\n\t\t\t\t\t\t\t\t\t<p><strong>Professionaalse taseme tuuleandur v\u00f5istlus- javabaajapurjetajatele<\/strong><\/p><p><!-- \/wp:paragraph --><!-- wp:paragraph --><\/p><p>Raymarine on uhke, et selle <strong>RSW Smart Wind Transducer<\/strong> v\u00f5itis <strong>2024. aasta DAME disainiauhindade<\/strong> konkursil <strong>&#8220;Navigatsiooni ja kommunikatsiooni&#8221;<\/strong> kategoorias esikoha. V\u00f5it kuulutati v\u00e4lja Amsterdami METSTRADE messil.<\/p><p><!-- \/wp:paragraph --><!-- wp:paragraph --><\/p><p><strong>RSW Smart Wind Transducer<\/strong> on <strong>NMEA 2000 \u00fchilduv juhtmega mastipealne sensor<\/strong>, mis toob professionaalsel tasemel <strong>t\u00e4pse tuuleandmete m\u00f5\u00f5tmise<\/strong> ka vabaajapurjetajatele.<\/p><p><!-- \/wp:paragraph --><!-- wp:paragraph --><\/p><p>See innovaatiline seade \u00fchendab <strong>k\u00f5rgt\u00e4psusega kalibreeritud tuulelaba ja anemomeetri<\/strong> tahkisandurite (solid-state gyro, kiirendusm\u00f5\u00f5tur ja magnetomeeter) tehnoloogiaga. T\u00e4nu sellele pakub see <strong>\u00fclikiiret ja t\u00e4pset t\u00f5elise tuule (True Wind) andmestikku<\/strong>, mis on h\u00e4davajalik t\u00e4pseks purjetamiseks.<\/p><p><!-- \/wp:paragraph --><!-- wp:heading {\"level\":3} --><\/p><h3 class=\"wp-block-heading\"><strong>T\u00e4pne, tugev ja intelligentne<\/strong><\/h3><p><!-- \/wp:heading --><!-- wp:paragraph --><\/p><p>Spetsiaalselt <strong>purjetajatele<\/strong> loodud <strong>RSW Smart Wind Transducer<\/strong> on <strong>kerge<\/strong>, kuid <strong>\u00e4\u00e4rmiselt vastupidav<\/strong>. Selle sisseehitatud <strong>3D-andurid ja Smart Wind algoritmid<\/strong> kompenseerivad automaatselt:<\/p><p><img decoding=\"async\" class=\"emoji\" role=\"img\" draggable=\"false\" src=\"https:\/\/s.w.org\/images\/core\/emoji\/15.0.3\/svg\/2705.svg\" alt=\"\u2705\" \/> Laeva kiiruse m\u00f5ju<br \/><img decoding=\"async\" class=\"emoji\" role=\"img\" draggable=\"false\" src=\"https:\/\/s.w.org\/images\/core\/emoji\/15.0.3\/svg\/2705.svg\" alt=\"\u2705\" \/> Libisemise ja mastik\u00f5vera muutused<br \/><img decoding=\"async\" class=\"emoji\" role=\"img\" draggable=\"false\" src=\"https:\/\/s.w.org\/images\/core\/emoji\/15.0.3\/svg\/2705.svg\" alt=\"\u2705\" \/> Masti p\u00f6\u00f6rde ja painutuse<br \/><img decoding=\"async\" class=\"emoji\" role=\"img\" draggable=\"false\" src=\"https:\/\/s.w.org\/images\/core\/emoji\/15.0.3\/svg\/2705.svg\" alt=\"\u2705\" \/> Laeva kallutust, \u00f5\u00f5tsumist ja lainetuse m\u00f5ju<\/p><p><!-- \/wp:paragraph --><!-- wp:paragraph --><\/p><p><strong>Tulemuseks on \u00e4\u00e4rmiselt t\u00e4pne ja koheselt kasutusvalmis andmevoog, mis \u00fchildub NMEA 2000 ekraanidega.<\/strong><\/p><p><!-- \/wp:paragraph --><!-- wp:heading {\"level\":3} --><\/p><h3 class=\"wp-block-heading\"><strong>Raymarine j\u00e4tkab innovatsiooni ja edu<\/strong><\/h3><p><!-- \/wp:heading --><!-- wp:paragraph --><\/p><p>Raymarine\u2019i <strong>\u00fcldjuht Gr\u00e9goire Outters<\/strong> kommenteeris:<br \/><em>&#8220;Oleme \u00fclimalt uhked, et meid tunnustati 2024. aasta DAME disainiauhindadel. <strong>RSW Smart Wind Transducer<\/strong> pakub erakordset andmete t\u00e4psust ja t\u00f6\u00f6kindlust, olles kasulik nii <strong>kruiisipurjetajatele<\/strong> kui ka <strong>v\u00f5idus\u00f5itjatele<\/strong>.&#8221;<\/em><\/p><p><!-- \/wp:paragraph --><!-- wp:paragraph --><\/p><p>Lisaks sellele v\u00f5idule sai Raymarine <strong>samal konkursil eripreemia<\/strong> ka oma <strong>Pathfinder Solid State IMO radari<\/strong> eest. Tegemist on <strong>navigatsiooni- ja kokkup\u00f5rke v\u00e4ltimise radariga<\/strong>, mis on m\u00f5eldud <strong>kommertslaevadele ja superjahtidele<\/strong>.<\/p><p><!-- \/wp:paragraph --><!-- wp:paragraph --><\/p><p><strong>J\u00e4rjekordne v\u00f5it kolmandat aastat j\u00e4rjest<\/strong><br \/>See kategooriav\u00f5it t\u00e4histab <strong>kolmandat j\u00e4rjestikust aastat<\/strong>, mil Raymarine on saavutanud edu mainekates DAME auhindades:<\/p><p><img decoding=\"async\" class=\"emoji\" role=\"img\" draggable=\"false\" src=\"https:\/\/s.w.org\/images\/core\/emoji\/15.0.3\/svg\/1f3c6.svg\" alt=\"\ud83c\udfc6\" \/> <strong>2022:<\/strong> Raymarine YachtSense 4G Link ruuter \u2013 &#8220;Meretehnika ja tarkvara&#8221; kategooria v\u00f5itja<br \/><img decoding=\"async\" class=\"emoji\" role=\"img\" draggable=\"false\" src=\"https:\/\/s.w.org\/images\/core\/emoji\/15.0.3\/svg\/1f3c6.svg\" alt=\"\ud83c\udfc6\" \/> <strong>2023:<\/strong> Raymarine Alpha Performance Display \u2013 &#8220;Navigatsiooni ja kommunikatsiooni&#8221; kategooria v\u00f5itja<\/p><p><img fetchpriority=\"high\" decoding=\"async\" class=\"aligncenter\" src=\"https:\/\/d73v3rdaoqh96.cloudfront.net\/image\/308061165312\/image_ctu45sk1l514j9j1sc9iths26h\/-FWEBP\" alt=\"RSW Smart Wind Transducer\" width=\"571\" height=\"428\" \/><\/p>\t\t\t\t\t\t\t\t<\/div>\n\t\t\t\t\t<\/div>\n\t\t\t\t<\/div>\n\t\t\t\t<\/div>","protected":false},"excerpt":{"rendered":"<p>Raymarine v\u00f5idab DAME disainiauhinna RSW Smart Wind tuulem\u00f5\u00f5turi eest Professionaalse taseme tuuleandur v\u00f5istlus- javabaajapurjetajatele Raymarine on uhke, et selle RSW Smart Wind Transducer v\u00f5itis 2024. aasta DAME disainiauhindade konkursil &#8220;Navigatsiooni ja kommunikatsiooni&#8221; kategoorias esikoha. V\u00f5it kuulutati v\u00e4lja Amsterdami METSTRADE messil. RSW Smart Wind Transducer on NMEA 2000 \u00fchilduv juhtmega mastipealne sensor, mis toob professionaalsel tasemel [&hellip;]<\/p>\n","protected":false},"author":1,"featured_media":0,"parent":0,"menu_order":0,"comment_status":"closed","ping_status":"closed","template":"","meta":{"footnotes":""},"class_list":["post-8405","page","type-page","status-publish","hentry"],"yoast_head":"<!-- This site is optimized with the Yoast SEO plugin v27.3 - https:\/\/yoast.com\/product\/yoast-seo-wordpress\/ -->\n<title>Raymarine v\u00f5idab DAME disainiauhinna RSW Smart Wind tuulem\u00f5\u00f5turi eest - NavSystems<\/title>\n<meta name=\"robots\" content=\"index, follow, max-snippet:-1, max-image-preview:large, max-video-preview:-1\" \/>\n<link rel=\"canonical\" href=\"https:\/\/navsystems.shop\/en\/rsw-dame\/\" \/>\n<meta property=\"og:locale\" content=\"en_US\" \/>\n<meta property=\"og:type\" content=\"article\" \/>\n<meta property=\"og:title\" content=\"Raymarine v\u00f5idab DAME disainiauhinna RSW Smart Wind tuulem\u00f5\u00f5turi eest - NavSystems\" \/>\n<meta property=\"og:description\" content=\"Raymarine v\u00f5idab DAME disainiauhinna RSW Smart Wind tuulem\u00f5\u00f5turi eest Professionaalse taseme tuuleandur v\u00f5istlus- javabaajapurjetajatele Raymarine on uhke, et selle RSW Smart Wind Transducer v\u00f5itis 2024. aasta DAME disainiauhindade konkursil &#8220;Navigatsiooni ja kommunikatsiooni&#8221; kategoorias esikoha. V\u00f5it kuulutati v\u00e4lja Amsterdami METSTRADE messil. RSW Smart Wind Transducer on NMEA 2000 \u00fchilduv juhtmega mastipealne sensor, mis toob professionaalsel tasemel [&hellip;]\" \/>\n<meta property=\"og:url\" content=\"https:\/\/navsystems.shop\/en\/rsw-dame\/\" \/>\n<meta property=\"og:site_name\" content=\"NavSystems\" \/>\n<meta property=\"article:modified_time\" content=\"2025-04-13T14:46:46+00:00\" \/>\n<meta property=\"og:image\" content=\"https:\/\/s.w.org\/images\/core\/emoji\/15.0.3\/svg\/2705.svg\" \/>\n<meta name=\"twitter:card\" content=\"summary_large_image\" \/>\n<meta name=\"twitter:label1\" content=\"Est. reading time\" \/>\n\t<meta name=\"twitter:data1\" content=\"3 minutes\" \/>\n<script type=\"application\/ld+json\" class=\"yoast-schema-graph\">{\"@context\":\"https:\\\/\\\/schema.org\",\"@graph\":[{\"@type\":\"WebPage\",\"@id\":\"https:\\\/\\\/navsystems.shop\\\/rsw-dame\\\/\",\"url\":\"https:\\\/\\\/navsystems.shop\\\/rsw-dame\\\/\",\"name\":\"Raymarine v\u00f5idab DAME disainiauhinna RSW Smart Wind tuulem\u00f5\u00f5turi eest - NavSystems\",\"isPartOf\":{\"@id\":\"https:\\\/\\\/navsystems.shop\\\/#website\"},\"primaryImageOfPage\":{\"@id\":\"https:\\\/\\\/navsystems.shop\\\/rsw-dame\\\/#primaryimage\"},\"image\":{\"@id\":\"https:\\\/\\\/navsystems.shop\\\/rsw-dame\\\/#primaryimage\"},\"thumbnailUrl\":\"https:\\\/\\\/s.w.org\\\/images\\\/core\\\/emoji\\\/15.0.3\\\/svg\\\/2705.svg\",\"datePublished\":\"2025-04-13T12:30:05+00:00\",\"dateModified\":\"2025-04-13T14:46:46+00:00\",\"breadcrumb\":{\"@id\":\"https:\\\/\\\/navsystems.shop\\\/rsw-dame\\\/#breadcrumb\"},\"inLanguage\":\"en-US\",\"potentialAction\":[{\"@type\":\"ReadAction\",\"target\":[\"https:\\\/\\\/navsystems.shop\\\/rsw-dame\\\/\"]}]},{\"@type\":\"ImageObject\",\"inLanguage\":\"en-US\",\"@id\":\"https:\\\/\\\/navsystems.shop\\\/rsw-dame\\\/#primaryimage\",\"url\":\"https:\\\/\\\/s.w.org\\\/images\\\/core\\\/emoji\\\/15.0.3\\\/svg\\\/2705.svg\",\"contentUrl\":\"https:\\\/\\\/s.w.org\\\/images\\\/core\\\/emoji\\\/15.0.3\\\/svg\\\/2705.svg\"},{\"@type\":\"BreadcrumbList\",\"@id\":\"https:\\\/\\\/navsystems.shop\\\/rsw-dame\\\/#breadcrumb\",\"itemListElement\":[{\"@type\":\"ListItem\",\"position\":1,\"name\":\"Home\",\"item\":\"https:\\\/\\\/navsystems.shop\\\/\"},{\"@type\":\"ListItem\",\"position\":2,\"name\":\"Raymarine v\u00f5idab DAME disainiauhinna RSW Smart Wind tuulem\u00f5\u00f5turi eest\"}]},{\"@type\":\"WebSite\",\"@id\":\"https:\\\/\\\/navsystems.shop\\\/#website\",\"url\":\"https:\\\/\\\/navsystems.shop\\\/\",\"name\":\"NavSystems\",\"description\":\"\",\"publisher\":{\"@id\":\"https:\\\/\\\/navsystems.shop\\\/#organization\"},\"potentialAction\":[{\"@type\":\"SearchAction\",\"target\":{\"@type\":\"EntryPoint\",\"urlTemplate\":\"https:\\\/\\\/navsystems.shop\\\/?s={search_term_string}\"},\"query-input\":{\"@type\":\"PropertyValueSpecification\",\"valueRequired\":true,\"valueName\":\"search_term_string\"}}],\"inLanguage\":\"en-US\"},{\"@type\":\"Organization\",\"@id\":\"https:\\\/\\\/navsystems.shop\\\/#organization\",\"name\":\"NavSystems\",\"url\":\"https:\\\/\\\/navsystems.shop\\\/\",\"logo\":{\"@type\":\"ImageObject\",\"inLanguage\":\"en-US\",\"@id\":\"https:\\\/\\\/navsystems.shop\\\/#\\\/schema\\\/logo\\\/image\\\/\",\"url\":\"https:\\\/\\\/navsystems.shop\\\/wp-content\\\/uploads\\\/2025\\\/04\\\/cropped-logo-Navsystems-GTrans-update-work-file.png\",\"contentUrl\":\"https:\\\/\\\/navsystems.shop\\\/wp-content\\\/uploads\\\/2025\\\/04\\\/cropped-logo-Navsystems-GTrans-update-work-file.png\",\"width\":1182,\"height\":240,\"caption\":\"NavSystems\"},\"image\":{\"@id\":\"https:\\\/\\\/navsystems.shop\\\/#\\\/schema\\\/logo\\\/image\\\/\"}}]}<\/script>\n<!-- \/ Yoast SEO plugin. -->","yoast_head_json":{"title":"Raymarine v\u00f5idab DAME disainiauhinna RSW Smart Wind tuulem\u00f5\u00f5turi eest - NavSystems","robots":{"index":"index","follow":"follow","max-snippet":"max-snippet:-1","max-image-preview":"max-image-preview:large","max-video-preview":"max-video-preview:-1"},"canonical":"https:\/\/navsystems.shop\/en\/rsw-dame\/","og_locale":"en_US","og_type":"article","og_title":"Raymarine v\u00f5idab DAME disainiauhinna RSW Smart Wind tuulem\u00f5\u00f5turi eest - NavSystems","og_description":"Raymarine v\u00f5idab DAME disainiauhinna RSW Smart Wind tuulem\u00f5\u00f5turi eest Professionaalse taseme tuuleandur v\u00f5istlus- javabaajapurjetajatele Raymarine on uhke, et selle RSW Smart Wind Transducer v\u00f5itis 2024. aasta DAME disainiauhindade konkursil &#8220;Navigatsiooni ja kommunikatsiooni&#8221; kategoorias esikoha. V\u00f5it kuulutati v\u00e4lja Amsterdami METSTRADE messil. RSW Smart Wind Transducer on NMEA 2000 \u00fchilduv juhtmega mastipealne sensor, mis toob professionaalsel tasemel [&hellip;]","og_url":"https:\/\/navsystems.shop\/en\/rsw-dame\/","og_site_name":"NavSystems","article_modified_time":"2025-04-13T14:46:46+00:00","og_image":[{"url":"https:\/\/s.w.org\/images\/core\/emoji\/15.0.3\/svg\/2705.svg","type":"","width":"","height":""}],"twitter_card":"summary_large_image","twitter_misc":{"Est. reading time":"3 minutes"},"schema":{"@context":"https:\/\/schema.org","@graph":[{"@type":"WebPage","@id":"https:\/\/navsystems.shop\/rsw-dame\/","url":"https:\/\/navsystems.shop\/rsw-dame\/","name":"Raymarine v\u00f5idab DAME disainiauhinna RSW Smart Wind tuulem\u00f5\u00f5turi eest - NavSystems","isPartOf":{"@id":"https:\/\/navsystems.shop\/#website"},"primaryImageOfPage":{"@id":"https:\/\/navsystems.shop\/rsw-dame\/#primaryimage"},"image":{"@id":"https:\/\/navsystems.shop\/rsw-dame\/#primaryimage"},"thumbnailUrl":"https:\/\/s.w.org\/images\/core\/emoji\/15.0.3\/svg\/2705.svg","datePublished":"2025-04-13T12:30:05+00:00","dateModified":"2025-04-13T14:46:46+00:00","breadcrumb":{"@id":"https:\/\/navsystems.shop\/rsw-dame\/#breadcrumb"},"inLanguage":"en-US","potentialAction":[{"@type":"ReadAction","target":["https:\/\/navsystems.shop\/rsw-dame\/"]}]},{"@type":"ImageObject","inLanguage":"en-US","@id":"https:\/\/navsystems.shop\/rsw-dame\/#primaryimage","url":"https:\/\/s.w.org\/images\/core\/emoji\/15.0.3\/svg\/2705.svg","contentUrl":"https:\/\/s.w.org\/images\/core\/emoji\/15.0.3\/svg\/2705.svg"},{"@type":"BreadcrumbList","@id":"https:\/\/navsystems.shop\/rsw-dame\/#breadcrumb","itemListElement":[{"@type":"ListItem","position":1,"name":"Home","item":"https:\/\/navsystems.shop\/"},{"@type":"ListItem","position":2,"name":"Raymarine v\u00f5idab DAME disainiauhinna RSW Smart Wind tuulem\u00f5\u00f5turi eest"}]},{"@type":"WebSite","@id":"https:\/\/navsystems.shop\/#website","url":"https:\/\/navsystems.shop\/","name":"NavSystems","description":"","publisher":{"@id":"https:\/\/navsystems.shop\/#organization"},"potentialAction":[{"@type":"SearchAction","target":{"@type":"EntryPoint","urlTemplate":"https:\/\/navsystems.shop\/?s={search_term_string}"},"query-input":{"@type":"PropertyValueSpecification","valueRequired":true,"valueName":"search_term_string"}}],"inLanguage":"en-US"},{"@type":"Organization","@id":"https:\/\/navsystems.shop\/#organization","name":"NavSystems","url":"https:\/\/navsystems.shop\/","logo":{"@type":"ImageObject","inLanguage":"en-US","@id":"https:\/\/navsystems.shop\/#\/schema\/logo\/image\/","url":"https:\/\/navsystems.shop\/wp-content\/uploads\/2025\/04\/cropped-logo-Navsystems-GTrans-update-work-file.png","contentUrl":"https:\/\/navsystems.shop\/wp-content\/uploads\/2025\/04\/cropped-logo-Navsystems-GTrans-update-work-file.png","width":1182,"height":240,"caption":"NavSystems"},"image":{"@id":"https:\/\/navsystems.shop\/#\/schema\/logo\/image\/"}}]}},"jetpack_sharing_enabled":true,"_links":{"self":[{"href":"https:\/\/navsystems.shop\/en\/wp-json\/wp\/v2\/pages\/8405","targetHints":{"allow":["GET"]}}],"collection":[{"href":"https:\/\/navsystems.shop\/en\/wp-json\/wp\/v2\/pages"}],"about":[{"href":"https:\/\/navsystems.shop\/en\/wp-json\/wp\/v2\/types\/page"}],"author":[{"embeddable":true,"href":"https:\/\/navsystems.shop\/en\/wp-json\/wp\/v2\/users\/1"}],"replies":[{"embeddable":true,"href":"https:\/\/navsystems.shop\/en\/wp-json\/wp\/v2\/comments?post=8405"}],"version-history":[{"count":5,"href":"https:\/\/navsystems.shop\/en\/wp-json\/wp\/v2\/pages\/8405\/revisions"}],"predecessor-version":[{"id":8437,"href":"https:\/\/navsystems.shop\/en\/wp-json\/wp\/v2\/pages\/8405\/revisions\/8437"}],"wp:attachment":[{"href":"https:\/\/navsystems.shop\/en\/wp-json\/wp\/v2\/media?parent=8405"}],"curies":[{"name":"wp","href":"https:\/\/api.w.org\/{rel}","templated":true}]}}