{"id":8411,"date":"2025-04-13T15:57:35","date_gmt":"2025-04-13T13:57:35","guid":{"rendered":"https:\/\/navsystems.shop\/?page_id=8411"},"modified":"2025-04-13T16:43:47","modified_gmt":"2025-04-13T14:43:47","slug":"raymarine-lisab-alpha-performance-ekraanidele-voimsad-funktsioonid","status":"publish","type":"page","link":"https:\/\/navsystems.shop\/en\/raymarine-lisab-alpha-performance-ekraanidele-voimsad-funktsioonid\/","title":{"rendered":"Raymarine adds powerful features to Alpha Performance displays"},"content":{"rendered":"<div data-elementor-type=\"wp-page\" data-elementor-id=\"8411\" class=\"elementor elementor-8411\" data-elementor-post-type=\"page\">\n\t\t\t\t<div class=\"elementor-element elementor-element-5399e89 e-flex e-con-boxed e-con e-parent\" data-id=\"5399e89\" data-element_type=\"container\" data-e-type=\"container\" data-settings=\"{&quot;background_background&quot;:&quot;classic&quot;}\">\n\t\t\t\t\t<div class=\"e-con-inner\">\n\t\t\t\t<div class=\"elementor-element elementor-element-2aa4810 elementor-widget elementor-widget-heading\" data-id=\"2aa4810\" data-element_type=\"widget\" data-e-type=\"widget\" data-widget_type=\"heading.default\">\n\t\t\t\t\t<h2 class=\"elementor-heading-title elementor-size-default\">Raymarine adds powerful features to Alpha Performance displays<\/h2>\t\t\t\t<\/div>\n\t\t\t\t<div class=\"elementor-element elementor-element-78ad9c6 elementor-widget elementor-widget-text-editor\" data-id=\"78ad9c6\" data-element_type=\"widget\" data-e-type=\"widget\" data-widget_type=\"text-editor.default\">\n\t\t\t\t\t\t\t\t\t<p><span style=\"color: #ffffff;\">With new visualization capabilities and autopilot integration, boat owners can now get even more out of their Alpha displays with an easy-to-install software update.<\/span><\/p><p><span style=\"color: #ffffff;\"><!-- \/wp:paragraph --><!-- wp:paragraph --><\/span><\/p><p><span style=\"color: #ffffff;\"><strong>Alpha 3.0 tarkvarauuendus<\/strong> sisaldab mitmeid v\u00e4\u00e4rtuslikke t\u00f6\u00f6riistu, mis parandavad kasutajakogemust, pakkudes uusi andmete visualiseerimise v\u00f5imalusi ning integreerimist automaatrooliga.<\/span><\/p><p><span style=\"color: #ffffff;\"><!-- \/wp:paragraph --><!-- wp:paragraph --><\/span><\/p><p><span style=\"color: #ffffff;\"><strong>Uued funktsioonid ja t\u00e4iustatud automaatrooli juhtimine<\/strong><\/span><\/p><p><span style=\"color: #ffffff;\"><!-- \/wp:paragraph --><!-- wp:paragraph --><\/span><\/p><p><span style=\"color: #ffffff;\">Alpha seeria suur ja tundlik puutetundlik ekraan toetab n\u00fc\u00fcd t\u00e4ielikult <strong>Raymarine Evolution<\/strong> automaatroolide funktsioone. Uus juhtimiss\u00fcsteem v\u00f5imaldab kasutada k\u00f5iki olulisemaid automaatrooli t\u00f6\u00f6re\u017eiime, sealhulgas <strong>kurssi hoidmist, navigatsioonire\u017eiimi ja tuule suuna j\u00e4rgi roolimist<\/strong>.<\/span><\/p><p><span style=\"color: #ffffff;\"><!-- \/wp:paragraph --><!-- wp:list --><\/span><\/p><ul class=\"wp-block-list\"><li style=\"list-style-type: none;\"><ul class=\"wp-block-list\"><!-- wp:list-item --><li><span style=\"color: #ffffff;\"><strong>Navigatsioonire\u017eiimis<\/strong> kuvatakse 3D-vaates paadi asukoht v\u00f5rreldes planeeritud marsruudiga, sealhulgas visuaalsed k\u00f5rvalekalde juhised ja p\u00f6\u00f6rdepunkti info.<\/span><\/li><\/ul><\/li><\/ul><p><span style=\"color: #ffffff;\"><!-- \/wp:list-item --><!-- wp:list-item --><\/span><\/p><ul class=\"wp-block-list\"><li style=\"list-style-type: none;\"><ul class=\"wp-block-list\"><li><span style=\"color: #ffffff;\"><strong>Dodge-funktsioon<\/strong> ja <strong>marsruudi j\u00e4tkamise<\/strong> juhtimine v\u00f5imaldavad kiiret man\u00f6\u00f6verdamist ootamatute takistuste \u00fcmber ja seej\u00e4rel algsele kursile naasmist.<\/span><\/li><\/ul><\/li><\/ul><p><span style=\"color: #ffffff;\"><!-- \/wp:list-item --><!-- wp:list-item --><\/span><\/p><ul class=\"wp-block-list\"><li style=\"list-style-type: none;\"><ul class=\"wp-block-list\"><li><span style=\"color: #ffffff;\"><strong>Tuule suuna j\u00e4rgi roolimise<\/strong> funktsioon v\u00f5imaldab purjetajatel valida roolimise vastavalt tegelikule tuulesuunale, n\u00e4ilisele tuulesuunale v\u00f5i paadi polaarsele j\u00f5udlusgraafikule, et saavutada maksimaalne efektiivsus.<\/span><\/li><\/ul><\/li><\/ul><p><span style=\"color: #ffffff;\"><!-- \/wp:list-item --><\/span><\/p><p><span style=\"color: #ffffff;\"><!-- \/wp:list --><!-- wp:paragraph --><\/span><\/p><p><span style=\"color: #ffffff;\"><strong>T\u00e4iustatud andmete visualiseerimine ja v\u00f5rgu\u00fchendusega videotoe tugi<\/strong><\/span><\/p><p><span style=\"color: #ffffff;\"><!-- \/wp:paragraph --><!-- wp:paragraph --><\/span><\/p><p><span style=\"color: #ffffff;\">Lisaks Evolution automaatrooli juhtimisele pakub Alpha ekraan:<\/span><br \/><span style=\"color: #ffffff;\">\u2705 Kohandatavaid <strong>digitaalseid kuvareid<\/strong> ja <strong>analoogm\u00f5\u00f5dikuid<\/strong>.<\/span><br \/><span style=\"color: #ffffff;\">\u2705 <strong>Histogramme<\/strong> ja muid anal\u00fc\u00fcsivahendeid paadi navigeerimise, keskkonna- ja s\u00fcsteemiandmete visualiseerimiseks.<\/span><br \/><span style=\"color: #ffffff;\">\u2705 <strong>FLIR soojuskaamerate<\/strong> ja <strong>Raymarine n\u00e4htavate kaamerate<\/strong> toe.<\/span><\/p><p><span style=\"color: #ffffff;\"><!-- \/wp:paragraph --><!-- wp:paragraph --><\/span><\/p><p><span style=\"color: #ffffff;\"><strong>Paindlik ja kasutajas\u00f5bralik disain<\/strong><\/span><\/p><p><span style=\"color: #ffffff;\"><!-- \/wp:paragraph --><!-- wp:paragraph --><\/span><\/p><p><span style=\"color: #ffffff;\">Alpha ekraanid on saadaval <strong>7- ja 9-tollise<\/strong> k\u00f5rge n\u00e4htavusega <strong>taktikalise puuteekraaniga<\/strong> ning neid saab t\u00e4ielikult kohandada vastavalt kasutaja eelistustele. Seadmeid saab paigaldada <strong>roolikonsoolile, salongi v\u00f5i mastile<\/strong> kas <strong>p\u00fcst- v\u00f5i r\u00f5htpaigutusega<\/strong>. Alpha sarja juhtimine ja seadistamine toimub kas otse <strong>puuteekraani<\/strong> kaudu v\u00f5i <strong>Raymarine Axiom<\/strong> kaardiplotteri abil. Andmete ja toite jaoks on vaja vaid <strong>\u00fchte kaablit<\/strong>.<\/span><\/p><p><span style=\"color: #ffffff;\"><!-- \/wp:paragraph --><!-- wp:paragraph --><\/span><\/p><p><span style=\"color: #ffffff;\">Raymarine toodete ja kogu tootevalikuga tutvumiseks k\u00fclastage veebilehte <strong><a style=\"color: #ffffff;\" href=\"http:\/\/www.raymarine.com\">www.raymarine.com<\/a><\/strong>.<\/span><\/p><p><span style=\"color: #000000;\"><!-- \/wp:paragraph --><!-- wp:paragraph --><\/span><\/p><p><span style=\"color: #000000;\"><!-- \/wp:paragraph --><!-- wp:paragraph --><\/span><\/p><p><!-- \/wp:paragraph --><\/p>\t\t\t\t\t\t\t\t<\/div>\n\t\t\t\t\t<\/div>\n\t\t\t\t<\/div>\n\t\t\t\t<\/div>","protected":false},"excerpt":{"rendered":"<p>Raymarine lisab Alpha Performance ekraanidele v\u00f5imsad funktsioonid T\u00e4nu uutele visualiseerimisv\u00f5imalustele ja automaatrooli integreerimisele saavad paadiomanikud n\u00fc\u00fcd oma Alpha ekraanidest veelgi rohkem kasu h\u00f5lpsasti paigaldatava tarkvarauuenduse abil. Alpha 3.0 tarkvarauuendus sisaldab mitmeid v\u00e4\u00e4rtuslikke t\u00f6\u00f6riistu, mis parandavad kasutajakogemust, pakkudes uusi andmete visualiseerimise v\u00f5imalusi ning integreerimist automaatrooliga. Uued funktsioonid ja t\u00e4iustatud automaatrooli juhtimine Alpha seeria suur ja tundlik [&hellip;]<\/p>\n","protected":false},"author":1,"featured_media":0,"parent":0,"menu_order":0,"comment_status":"closed","ping_status":"closed","template":"","meta":{"footnotes":""},"class_list":["post-8411","page","type-page","status-publish","hentry"],"yoast_head":"<!-- This site is optimized with the Yoast SEO plugin v27.3 - https:\/\/yoast.com\/product\/yoast-seo-wordpress\/ -->\n<title>Raymarine lisab Alpha Performance ekraanidele v\u00f5imsad funktsioonid - NavSystems<\/title>\n<meta name=\"robots\" content=\"index, follow, max-snippet:-1, max-image-preview:large, max-video-preview:-1\" \/>\n<link rel=\"canonical\" href=\"https:\/\/navsystems.shop\/en\/raymarine-lisab-alpha-performance-ekraanidele-voimsad-funktsioonid\/\" \/>\n<meta property=\"og:locale\" content=\"en_US\" \/>\n<meta property=\"og:type\" content=\"article\" \/>\n<meta property=\"og:title\" content=\"Raymarine lisab Alpha Performance ekraanidele v\u00f5imsad funktsioonid - NavSystems\" \/>\n<meta property=\"og:description\" content=\"Raymarine lisab Alpha Performance ekraanidele v\u00f5imsad funktsioonid T\u00e4nu uutele visualiseerimisv\u00f5imalustele ja automaatrooli integreerimisele saavad paadiomanikud n\u00fc\u00fcd oma Alpha ekraanidest veelgi rohkem kasu h\u00f5lpsasti paigaldatava tarkvarauuenduse abil. Alpha 3.0 tarkvarauuendus sisaldab mitmeid v\u00e4\u00e4rtuslikke t\u00f6\u00f6riistu, mis parandavad kasutajakogemust, pakkudes uusi andmete visualiseerimise v\u00f5imalusi ning integreerimist automaatrooliga. Uued funktsioonid ja t\u00e4iustatud automaatrooli juhtimine Alpha seeria suur ja tundlik [&hellip;]\" \/>\n<meta property=\"og:url\" content=\"https:\/\/navsystems.shop\/en\/raymarine-lisab-alpha-performance-ekraanidele-voimsad-funktsioonid\/\" \/>\n<meta property=\"og:site_name\" content=\"NavSystems\" \/>\n<meta property=\"article:modified_time\" content=\"2025-04-13T14:43:47+00:00\" \/>\n<meta name=\"twitter:card\" content=\"summary_large_image\" \/>\n<meta name=\"twitter:label1\" content=\"Est. reading time\" \/>\n\t<meta name=\"twitter:data1\" content=\"2 minutes\" \/>\n<script type=\"application\/ld+json\" class=\"yoast-schema-graph\">{\"@context\":\"https:\\\/\\\/schema.org\",\"@graph\":[{\"@type\":\"WebPage\",\"@id\":\"https:\\\/\\\/navsystems.shop\\\/raymarine-lisab-alpha-performance-ekraanidele-voimsad-funktsioonid\\\/\",\"url\":\"https:\\\/\\\/navsystems.shop\\\/raymarine-lisab-alpha-performance-ekraanidele-voimsad-funktsioonid\\\/\",\"name\":\"Raymarine lisab Alpha Performance ekraanidele v\u00f5imsad funktsioonid - NavSystems\",\"isPartOf\":{\"@id\":\"https:\\\/\\\/navsystems.shop\\\/#website\"},\"datePublished\":\"2025-04-13T13:57:35+00:00\",\"dateModified\":\"2025-04-13T14:43:47+00:00\",\"breadcrumb\":{\"@id\":\"https:\\\/\\\/navsystems.shop\\\/raymarine-lisab-alpha-performance-ekraanidele-voimsad-funktsioonid\\\/#breadcrumb\"},\"inLanguage\":\"en-US\",\"potentialAction\":[{\"@type\":\"ReadAction\",\"target\":[\"https:\\\/\\\/navsystems.shop\\\/raymarine-lisab-alpha-performance-ekraanidele-voimsad-funktsioonid\\\/\"]}]},{\"@type\":\"BreadcrumbList\",\"@id\":\"https:\\\/\\\/navsystems.shop\\\/raymarine-lisab-alpha-performance-ekraanidele-voimsad-funktsioonid\\\/#breadcrumb\",\"itemListElement\":[{\"@type\":\"ListItem\",\"position\":1,\"name\":\"Home\",\"item\":\"https:\\\/\\\/navsystems.shop\\\/\"},{\"@type\":\"ListItem\",\"position\":2,\"name\":\"Raymarine lisab Alpha Performance ekraanidele v\u00f5imsad funktsioonid\"}]},{\"@type\":\"WebSite\",\"@id\":\"https:\\\/\\\/navsystems.shop\\\/#website\",\"url\":\"https:\\\/\\\/navsystems.shop\\\/\",\"name\":\"NavSystems\",\"description\":\"\",\"publisher\":{\"@id\":\"https:\\\/\\\/navsystems.shop\\\/#organization\"},\"potentialAction\":[{\"@type\":\"SearchAction\",\"target\":{\"@type\":\"EntryPoint\",\"urlTemplate\":\"https:\\\/\\\/navsystems.shop\\\/?s={search_term_string}\"},\"query-input\":{\"@type\":\"PropertyValueSpecification\",\"valueRequired\":true,\"valueName\":\"search_term_string\"}}],\"inLanguage\":\"en-US\"},{\"@type\":\"Organization\",\"@id\":\"https:\\\/\\\/navsystems.shop\\\/#organization\",\"name\":\"NavSystems\",\"url\":\"https:\\\/\\\/navsystems.shop\\\/\",\"logo\":{\"@type\":\"ImageObject\",\"inLanguage\":\"en-US\",\"@id\":\"https:\\\/\\\/navsystems.shop\\\/#\\\/schema\\\/logo\\\/image\\\/\",\"url\":\"https:\\\/\\\/navsystems.shop\\\/wp-content\\\/uploads\\\/2025\\\/04\\\/cropped-logo-Navsystems-GTrans-update-work-file.png\",\"contentUrl\":\"https:\\\/\\\/navsystems.shop\\\/wp-content\\\/uploads\\\/2025\\\/04\\\/cropped-logo-Navsystems-GTrans-update-work-file.png\",\"width\":1182,\"height\":240,\"caption\":\"NavSystems\"},\"image\":{\"@id\":\"https:\\\/\\\/navsystems.shop\\\/#\\\/schema\\\/logo\\\/image\\\/\"}}]}<\/script>\n<!-- \/ Yoast SEO plugin. -->","yoast_head_json":{"title":"Raymarine lisab Alpha Performance ekraanidele v\u00f5imsad funktsioonid - NavSystems","robots":{"index":"index","follow":"follow","max-snippet":"max-snippet:-1","max-image-preview":"max-image-preview:large","max-video-preview":"max-video-preview:-1"},"canonical":"https:\/\/navsystems.shop\/en\/raymarine-lisab-alpha-performance-ekraanidele-voimsad-funktsioonid\/","og_locale":"en_US","og_type":"article","og_title":"Raymarine lisab Alpha Performance ekraanidele v\u00f5imsad funktsioonid - NavSystems","og_description":"Raymarine lisab Alpha Performance ekraanidele v\u00f5imsad funktsioonid T\u00e4nu uutele visualiseerimisv\u00f5imalustele ja automaatrooli integreerimisele saavad paadiomanikud n\u00fc\u00fcd oma Alpha ekraanidest veelgi rohkem kasu h\u00f5lpsasti paigaldatava tarkvarauuenduse abil. Alpha 3.0 tarkvarauuendus sisaldab mitmeid v\u00e4\u00e4rtuslikke t\u00f6\u00f6riistu, mis parandavad kasutajakogemust, pakkudes uusi andmete visualiseerimise v\u00f5imalusi ning integreerimist automaatrooliga. Uued funktsioonid ja t\u00e4iustatud automaatrooli juhtimine Alpha seeria suur ja tundlik [&hellip;]","og_url":"https:\/\/navsystems.shop\/en\/raymarine-lisab-alpha-performance-ekraanidele-voimsad-funktsioonid\/","og_site_name":"NavSystems","article_modified_time":"2025-04-13T14:43:47+00:00","twitter_card":"summary_large_image","twitter_misc":{"Est. reading time":"2 minutes"},"schema":{"@context":"https:\/\/schema.org","@graph":[{"@type":"WebPage","@id":"https:\/\/navsystems.shop\/raymarine-lisab-alpha-performance-ekraanidele-voimsad-funktsioonid\/","url":"https:\/\/navsystems.shop\/raymarine-lisab-alpha-performance-ekraanidele-voimsad-funktsioonid\/","name":"Raymarine lisab Alpha Performance ekraanidele v\u00f5imsad funktsioonid - NavSystems","isPartOf":{"@id":"https:\/\/navsystems.shop\/#website"},"datePublished":"2025-04-13T13:57:35+00:00","dateModified":"2025-04-13T14:43:47+00:00","breadcrumb":{"@id":"https:\/\/navsystems.shop\/raymarine-lisab-alpha-performance-ekraanidele-voimsad-funktsioonid\/#breadcrumb"},"inLanguage":"en-US","potentialAction":[{"@type":"ReadAction","target":["https:\/\/navsystems.shop\/raymarine-lisab-alpha-performance-ekraanidele-voimsad-funktsioonid\/"]}]},{"@type":"BreadcrumbList","@id":"https:\/\/navsystems.shop\/raymarine-lisab-alpha-performance-ekraanidele-voimsad-funktsioonid\/#breadcrumb","itemListElement":[{"@type":"ListItem","position":1,"name":"Home","item":"https:\/\/navsystems.shop\/"},{"@type":"ListItem","position":2,"name":"Raymarine lisab Alpha Performance ekraanidele v\u00f5imsad funktsioonid"}]},{"@type":"WebSite","@id":"https:\/\/navsystems.shop\/#website","url":"https:\/\/navsystems.shop\/","name":"NavSystems","description":"","publisher":{"@id":"https:\/\/navsystems.shop\/#organization"},"potentialAction":[{"@type":"SearchAction","target":{"@type":"EntryPoint","urlTemplate":"https:\/\/navsystems.shop\/?s={search_term_string}"},"query-input":{"@type":"PropertyValueSpecification","valueRequired":true,"valueName":"search_term_string"}}],"inLanguage":"en-US"},{"@type":"Organization","@id":"https:\/\/navsystems.shop\/#organization","name":"NavSystems","url":"https:\/\/navsystems.shop\/","logo":{"@type":"ImageObject","inLanguage":"en-US","@id":"https:\/\/navsystems.shop\/#\/schema\/logo\/image\/","url":"https:\/\/navsystems.shop\/wp-content\/uploads\/2025\/04\/cropped-logo-Navsystems-GTrans-update-work-file.png","contentUrl":"https:\/\/navsystems.shop\/wp-content\/uploads\/2025\/04\/cropped-logo-Navsystems-GTrans-update-work-file.png","width":1182,"height":240,"caption":"NavSystems"},"image":{"@id":"https:\/\/navsystems.shop\/#\/schema\/logo\/image\/"}}]}},"jetpack_sharing_enabled":true,"_links":{"self":[{"href":"https:\/\/navsystems.shop\/en\/wp-json\/wp\/v2\/pages\/8411","targetHints":{"allow":["GET"]}}],"collection":[{"href":"https:\/\/navsystems.shop\/en\/wp-json\/wp\/v2\/pages"}],"about":[{"href":"https:\/\/navsystems.shop\/en\/wp-json\/wp\/v2\/types\/page"}],"author":[{"embeddable":true,"href":"https:\/\/navsystems.shop\/en\/wp-json\/wp\/v2\/users\/1"}],"replies":[{"embeddable":true,"href":"https:\/\/navsystems.shop\/en\/wp-json\/wp\/v2\/comments?post=8411"}],"version-history":[{"count":7,"href":"https:\/\/navsystems.shop\/en\/wp-json\/wp\/v2\/pages\/8411\/revisions"}],"predecessor-version":[{"id":8435,"href":"https:\/\/navsystems.shop\/en\/wp-json\/wp\/v2\/pages\/8411\/revisions\/8435"}],"wp:attachment":[{"href":"https:\/\/navsystems.shop\/en\/wp-json\/wp\/v2\/media?parent=8411"}],"curies":[{"name":"wp","href":"https:\/\/api.w.org\/{rel}","templated":true}]}}