{"id":8418,"date":"2025-04-13T16:12:21","date_gmt":"2025-04-13T14:12:21","guid":{"rendered":"https:\/\/navsystems.shop\/?page_id=8418"},"modified":"2025-04-13T16:21:20","modified_gmt":"2025-04-13T14:21:20","slug":"raymarine-lisab-axiom-kaardiplotterite-ekraanidele-voimsad-uued-kalapuugivoimalused","status":"publish","type":"page","link":"https:\/\/navsystems.shop\/en\/raymarine-lisab-axiom-kaardiplotterite-ekraanidele-voimsad-uued-kalapuugivoimalused\/","title":{"rendered":"Raymarine adds powerful new fishing capabilities to Axiom chartplotter displays"},"content":{"rendered":"<div data-elementor-type=\"wp-page\" data-elementor-id=\"8418\" class=\"elementor elementor-8418\" data-elementor-post-type=\"page\">\n\t\t\t\t<div class=\"elementor-element elementor-element-9069023 e-flex e-con-boxed e-con e-parent\" data-id=\"9069023\" data-element_type=\"container\" data-e-type=\"container\" data-settings=\"{&quot;background_background&quot;:&quot;classic&quot;}\">\n\t\t\t\t\t<div class=\"e-con-inner\">\n\t\t\t\t<div class=\"elementor-element elementor-element-e96dde2 elementor-widget elementor-widget-heading\" data-id=\"e96dde2\" data-element_type=\"widget\" data-e-type=\"widget\" data-widget_type=\"heading.default\">\n\t\t\t\t\t<h2 class=\"elementor-heading-title elementor-size-default\">Raymarine adds powerful new fishing capabilities to Axiom chartplotter displays<\/h2>\t\t\t\t<\/div>\n\t\t\t\t<div class=\"elementor-element elementor-element-8bfc865 elementor-widget elementor-widget-text-editor\" data-id=\"8bfc865\" data-element_type=\"widget\" data-e-type=\"widget\" data-widget_type=\"text-editor.default\">\n\t\t\t\t\t\t\t\t\t<p><span style=\"color: #ffffff;\">Raymarine \u2013 juhtiv k\u00f5rgekvaliteediliste mereseadmete tootja vabaajapurjetajatele, merep\u00e4\u00e4stjatele ja korrakaitseorganitele \u2013 teatas t\u00e4na <strong>Axiom ekraanidele lisatud uute v\u00f5imsate kalap\u00fc\u00fcgifunktsioonide<\/strong> turule toomisest. <strong>Augustis<\/strong> ilmuv <strong>Lighthouse 4.7 tarkvarauuendus<\/strong> annab Axiom kasutajatele <strong>t\u00e4ieliku paadi juhtimise otse kaardiplotteri ekraanilt<\/strong>, sealhulgas <strong>Power-Pole madalaveeankrute<\/strong> ja <strong>MOVE harjavabade elektrimootorite<\/strong> (sh uus MOVE Offshore mudel pikkustes 84, 96 ja 110 tolli) juhtimise. Samuti tutvustatakse uut <strong>Smart Drift\u2122 funktsiooni<\/strong> ning Raymarine teatas, et <strong>Florida Marine Tracks l\u00f5unaosa kaart<\/strong> saab <strong>Axiom ekraanidega \u00fchilduvaks ja on m\u00fc\u00fcgil alates 2024. aasta augustist<\/strong>.<\/span><\/p><p><span style=\"color: #ffffff;\"><!-- \/wp:paragraph --><!-- wp:heading {\"level\":3} --><\/span><\/p><h3 class=\"wp-block-heading\"><span style=\"color: #ffffff;\"><strong>Power-Pole integratsioon<\/strong><\/span><\/h3><p><span style=\"color: #ffffff;\"><!-- \/wp:heading --><!-- wp:paragraph --><\/span><\/p><p><span style=\"color: #ffffff;\">Axiom kasutajad saavad <strong>juhtida ja paigutada Power-Pole madalaveeankruid ning k\u00f5iki MOVE elektrimootorite mudeleid<\/strong> otse kaardiplotteri ekraanilt. Kasutajad saavad kasutada Power-Pole MOVE <strong>arenenud navigeerimisfunktsioone<\/strong> ning <strong>vahetada sujuvalt<\/strong> MOVE trolling-mootori ja Raymarine Evolution automaatrooli vahel marsruudil v\u00f5i sihtpunktis navigeerides.<\/span><\/p><p><span style=\"color: #ffffff;\"><!-- \/wp:paragraph --><!-- wp:image {\"id\":6988,\"sizeSlug\":\"large\",\"linkDestination\":\"none\"} --><\/span><\/p><figure class=\"wp-block-image size-large\"><span style=\"color: #ffffff;\">\u00a0<\/span><\/figure><p><span style=\"color: #ffffff;\"><!-- \/wp:image --><!-- wp:heading {\"level\":4} --><\/span><\/p><h4 class=\"wp-block-heading\"><span style=\"color: #ffffff;\"><strong>Axiom ja Power-Pole madalaveeankrud \u2013 peamised funktsioonid:<\/strong><\/span><\/h4><p><span style=\"color: #ffffff;\"><!-- \/wp:heading --><!-- wp:paragraph --><\/span><\/p><p><span style=\"color: #ffffff;\">\u2705 T\u00e4pne <strong>k\u00e4sitsi juhtimine<\/strong> \u00fche v\u00f5i kahe ankru paigutamiseks<\/span><br \/><span style=\"color: #ffffff;\">\u2705 <strong>\u00dche nupuvajutusega<\/strong> automaatne ankurdamine v\u00f5i stow-funktsioon<\/span><br \/><span style=\"color: #ffffff;\">\u2705 <strong>Axiom 2 XL tugi<\/strong> Power-Pole madalaveeankrute juhtimiseks<\/span><\/p><p><span style=\"color: #ffffff;\"><!-- \/wp:paragraph --><!-- wp:heading {\"level\":4} --><\/span><\/p><h4 class=\"wp-block-heading\"><span style=\"color: #ffffff;\"><strong>Axiom ja MOVE harjavaba trolling-mootor \u2013 peamised funktsioonid:<\/strong><\/span><\/h4><p><span style=\"color: #ffffff;\"><!-- \/wp:heading --><!-- wp:paragraph --><\/span><\/p><p><span style=\"color: #ffffff;\">\u2705 <strong>Navigeerimine sihtpunkti<\/strong> v\u00f5i marsruudi j\u00e4lgimine<\/span><br \/><span style=\"color: #ffffff;\">\u2705 <strong>Ankurdamine jog-re\u017eiimis<\/strong>, v\u00f5imalus liikuda <strong>5 jalga<\/strong> \u00fche nupuvajutusega<\/span><br \/><span style=\"color: #ffffff;\">\u2705 <strong>Kursi ja kiiruse t\u00e4pne juhtimine<\/strong><\/span><br \/><span style=\"color: #ffffff;\">\u2705 <strong>K\u00e4sitsi roolimine<\/strong><\/span><br \/><span style=\"color: #ffffff;\">\u2705 <strong>Axiom 2 XL tugi<\/strong> Power-Pole MOVE juhtimiseks<\/span><\/p><p><span style=\"color: #ffffff;\"><!-- \/wp:paragraph --><!-- wp:image {\"id\":6989,\"sizeSlug\":\"large\",\"linkDestination\":\"none\"} --><\/span><\/p><figure class=\"wp-block-image size-large\"><\/figure><p><span style=\"color: #ffffff;\"><!-- \/wp:image --><!-- wp:heading {\"level\":3} --><\/span><\/p><h3 class=\"wp-block-heading\"><span style=\"color: #ffffff;\"><strong>Smart Drift\u2122 \u2013 nutikas driftp\u00fc\u00fcgifunktsioon<\/strong><\/span><\/h3><p><span style=\"color: #ffffff;\"><!-- \/wp:heading --><!-- wp:paragraph --><\/span><\/p><p><span style=\"color: #ffffff;\">Uus <strong>Smart Drift\u2122<\/strong> funktsioon <strong>Axiom kaardiplotteris<\/strong> v\u00f5imaldab <strong>t\u00e4pset ja lihtsat driftimise planeerimist<\/strong> p\u00f5hjap\u00fc\u00fcgi, s\u00fcvaveep\u00fc\u00fcgi v\u00f5i vrakkide kohal kala p\u00fc\u00fcdes.<\/span><\/p><p><span style=\"color: #ffffff;\"><!-- \/wp:paragraph --><!-- wp:paragraph --><\/span><\/p><p><span style=\"color: #ffffff;\">\ud83d\udccc <strong>Kuidas see t\u00f6\u00f6tab?<\/strong><\/span><br \/><span style=\"color: #ffffff;\">1\ufe0f\u20e3 Kasutaja saab valida kaardilt driftimise alguspunkti v\u00f5i kasutada <strong>sonari ajaloo funktsiooni<\/strong>, et leida huvitav p\u00f5hjastruktuur v\u00f5i vrakk.<\/span><br \/><span style=\"color: #ffffff;\">2\ufe0f\u20e3 <strong>Smart Drift\u2122<\/strong> arvutab automaatselt driftivektori ja m\u00e4\u00e4rab alguspunkti.<\/span><br \/><span style=\"color: #ffffff;\">3\ufe0f\u20e3 Paadi <strong>\u00f5igesse kohta positsioneerides<\/strong> saab driftimise alustada \u2013 m\u00e4\u00e4ratud ajavahemiku j\u00e4rel j\u00f5uab paat valitud sihtpunkti.<\/span><br \/><span style=\"color: #ffffff;\">4\ufe0f\u20e3 Driftimise aega saab kohandada, et kalastajad saaksid paremini oma varustust ette valmistada.<\/span><\/p><p><span style=\"color: #ffffff;\"><!-- \/wp:paragraph --><!-- wp:image {\"id\":6990,\"sizeSlug\":\"large\",\"linkDestination\":\"none\"} --><\/span><\/p><figure class=\"wp-block-image size-large\"><\/figure><p><span style=\"color: #ffffff;\"><!-- \/wp:image --><!-- wp:paragraph --><\/span><\/p><p><span style=\"color: #ffffff;\"><strong>Raymarine kommentaar uute funktsioonide kohta<\/strong><\/span><br \/><span style=\"color: #ffffff;\"><em>&#8220;Oleme alati p\u00fc\u00fcdnud muuta oma Axiom ekraanid v\u00f5imekamaks ja kasutajas\u00f5bralikumaks ning need uued kalap\u00fc\u00fcgifunktsioonid annavad kasutajatele vajalikud t\u00f6\u00f6riistad, et veeta edukas p\u00e4ev vee peal,&#8221;<\/em> \u00fctles <strong>Jamie Dery, Raymarine Americas asepresident<\/strong>.<\/span><br \/><span style=\"color: #ffffff;\"><em>&#8220;Olenemata sellest, kas navigeerite madalates vetes Florida Marine Tracks abil, kasutate Power-Pole madalaveeankruid, hiilite saagile l\u00e4hemale MOVE trolling-mootoriga v\u00f5i planeerite driftimist vrakkide kohal \u2013 Axiom v\u00f5imaldab k\u00f5ike seda lihtsate puuteekraani juhtnuppudega.&#8221;<\/em><\/span><\/p><p><span style=\"color: #ffffff;\"><!-- \/wp:paragraph --><!-- wp:paragraph --><\/span><\/p><p><span style=\"color: #ffffff;\"><!-- \/wp:paragraph --><!-- wp:heading {\"level\":3} --><\/span><\/p><h3 class=\"wp-block-heading\"><span style=\"color: #ffffff;\"><strong>Saadavus ja lisainfo<\/strong><\/span><\/h3><p><span style=\"color: #ffffff;\"><!-- \/wp:heading --><!-- wp:paragraph --><\/span><\/p><p><span style=\"color: #ffffff;\">\u2705 <strong>Power-Pole integratsioon, Smart Drift funktsioon ja muud kalap\u00fc\u00fcgiuuendused<\/strong> on saadaval <strong>Axiom Lighthouse 4.7<\/strong> tarkvarauuendusega, mis ilmub <strong>augustis 2024<\/strong>.<\/span><br \/><span style=\"color: #ffffff;\">\u2705 <strong>Florida Marine Tracks l\u00f5unaosa kaart<\/strong>, mis \u00fchildub <strong>Axiom ekraanidega<\/strong>, tuleb m\u00fc\u00fcgile <strong>augustis 2024<\/strong> ISLA Mapping kaudu.<\/span><\/p><p><span style=\"color: #ffffff;\"><!-- \/wp:paragraph --><!-- wp:paragraph --><\/span><\/p><p><span style=\"color: #ffffff;\">\ud83d\udccc <strong>Lisateavet Raymarine Axiom \u00fchilduvuse kohta Power-Pole, Florida Marine Tracks ja Axiom Lighthouse 4.7 tarkvarauuendusega leiate siit:<\/strong><\/span><br \/><span style=\"color: #ffffff;\">\ud83d\udc49 <strong><a style=\"color: #ffffff;\" href=\"http:\/\/www.raymarine.com\/icast\/\">www.raymarine.com\/icast\/<\/a><\/strong><\/span><\/p><p><!-- \/wp:paragraph --><!-- wp:paragraph --><\/p><p><!-- \/wp:paragraph --><\/p>\t\t\t\t\t\t\t\t<\/div>\n\t\t\t\t\t<\/div>\n\t\t\t\t<\/div>\n\t\t\t\t<\/div>","protected":false},"excerpt":{"rendered":"<p>Raymarine lisab Axiom kaardiplotterite ekraanidele v\u00f5imsad uued kalap\u00fc\u00fcgiv\u00f5imalused Raymarine \u2013 juhtiv k\u00f5rgekvaliteediliste mereseadmete tootja vabaajapurjetajatele, merep\u00e4\u00e4stjatele ja korrakaitseorganitele \u2013 teatas t\u00e4na Axiom ekraanidele lisatud uute v\u00f5imsate kalap\u00fc\u00fcgifunktsioonide turule toomisest. Augustis ilmuv Lighthouse 4.7 tarkvarauuendus annab Axiom kasutajatele t\u00e4ieliku paadi juhtimise otse kaardiplotteri ekraanilt, sealhulgas Power-Pole madalaveeankrute ja MOVE harjavabade elektrimootorite (sh uus MOVE Offshore mudel [&hellip;]<\/p>\n","protected":false},"author":1,"featured_media":0,"parent":0,"menu_order":0,"comment_status":"closed","ping_status":"closed","template":"","meta":{"footnotes":""},"class_list":["post-8418","page","type-page","status-publish","hentry"],"yoast_head":"<!-- This site is optimized with the Yoast SEO plugin v27.3 - https:\/\/yoast.com\/product\/yoast-seo-wordpress\/ -->\n<title>Raymarine lisab Axiom kaardiplotterite ekraanidele v\u00f5imsad uued kalap\u00fc\u00fcgiv\u00f5imalused - NavSystems<\/title>\n<meta name=\"robots\" content=\"index, follow, max-snippet:-1, max-image-preview:large, max-video-preview:-1\" \/>\n<link rel=\"canonical\" href=\"https:\/\/navsystems.shop\/en\/raymarine-lisab-axiom-kaardiplotterite-ekraanidele-voimsad-uued-kalapuugivoimalused\/\" \/>\n<meta property=\"og:locale\" content=\"en_US\" \/>\n<meta property=\"og:type\" content=\"article\" \/>\n<meta property=\"og:title\" content=\"Raymarine lisab Axiom kaardiplotterite ekraanidele v\u00f5imsad uued kalap\u00fc\u00fcgiv\u00f5imalused - NavSystems\" \/>\n<meta property=\"og:description\" content=\"Raymarine lisab Axiom kaardiplotterite ekraanidele v\u00f5imsad uued kalap\u00fc\u00fcgiv\u00f5imalused Raymarine \u2013 juhtiv k\u00f5rgekvaliteediliste mereseadmete tootja vabaajapurjetajatele, merep\u00e4\u00e4stjatele ja korrakaitseorganitele \u2013 teatas t\u00e4na Axiom ekraanidele lisatud uute v\u00f5imsate kalap\u00fc\u00fcgifunktsioonide turule toomisest. Augustis ilmuv Lighthouse 4.7 tarkvarauuendus annab Axiom kasutajatele t\u00e4ieliku paadi juhtimise otse kaardiplotteri ekraanilt, sealhulgas Power-Pole madalaveeankrute ja MOVE harjavabade elektrimootorite (sh uus MOVE Offshore mudel [&hellip;]\" \/>\n<meta property=\"og:url\" content=\"https:\/\/navsystems.shop\/en\/raymarine-lisab-axiom-kaardiplotterite-ekraanidele-voimsad-uued-kalapuugivoimalused\/\" \/>\n<meta property=\"og:site_name\" content=\"NavSystems\" \/>\n<meta property=\"article:modified_time\" content=\"2025-04-13T14:21:20+00:00\" \/>\n<meta name=\"twitter:card\" content=\"summary_large_image\" \/>\n<meta name=\"twitter:label1\" content=\"Est. reading time\" \/>\n\t<meta name=\"twitter:data1\" content=\"3 minutes\" \/>\n<script type=\"application\/ld+json\" class=\"yoast-schema-graph\">{\"@context\":\"https:\\\/\\\/schema.org\",\"@graph\":[{\"@type\":\"WebPage\",\"@id\":\"https:\\\/\\\/navsystems.shop\\\/raymarine-lisab-axiom-kaardiplotterite-ekraanidele-voimsad-uued-kalapuugivoimalused\\\/\",\"url\":\"https:\\\/\\\/navsystems.shop\\\/raymarine-lisab-axiom-kaardiplotterite-ekraanidele-voimsad-uued-kalapuugivoimalused\\\/\",\"name\":\"Raymarine lisab Axiom kaardiplotterite ekraanidele v\u00f5imsad uued kalap\u00fc\u00fcgiv\u00f5imalused - NavSystems\",\"isPartOf\":{\"@id\":\"https:\\\/\\\/navsystems.shop\\\/#website\"},\"datePublished\":\"2025-04-13T14:12:21+00:00\",\"dateModified\":\"2025-04-13T14:21:20+00:00\",\"breadcrumb\":{\"@id\":\"https:\\\/\\\/navsystems.shop\\\/raymarine-lisab-axiom-kaardiplotterite-ekraanidele-voimsad-uued-kalapuugivoimalused\\\/#breadcrumb\"},\"inLanguage\":\"en-US\",\"potentialAction\":[{\"@type\":\"ReadAction\",\"target\":[\"https:\\\/\\\/navsystems.shop\\\/raymarine-lisab-axiom-kaardiplotterite-ekraanidele-voimsad-uued-kalapuugivoimalused\\\/\"]}]},{\"@type\":\"BreadcrumbList\",\"@id\":\"https:\\\/\\\/navsystems.shop\\\/raymarine-lisab-axiom-kaardiplotterite-ekraanidele-voimsad-uued-kalapuugivoimalused\\\/#breadcrumb\",\"itemListElement\":[{\"@type\":\"ListItem\",\"position\":1,\"name\":\"Home\",\"item\":\"https:\\\/\\\/navsystems.shop\\\/\"},{\"@type\":\"ListItem\",\"position\":2,\"name\":\"Raymarine lisab Axiom kaardiplotterite ekraanidele v\u00f5imsad uued kalap\u00fc\u00fcgiv\u00f5imalused\"}]},{\"@type\":\"WebSite\",\"@id\":\"https:\\\/\\\/navsystems.shop\\\/#website\",\"url\":\"https:\\\/\\\/navsystems.shop\\\/\",\"name\":\"NavSystems\",\"description\":\"\",\"publisher\":{\"@id\":\"https:\\\/\\\/navsystems.shop\\\/#organization\"},\"potentialAction\":[{\"@type\":\"SearchAction\",\"target\":{\"@type\":\"EntryPoint\",\"urlTemplate\":\"https:\\\/\\\/navsystems.shop\\\/?s={search_term_string}\"},\"query-input\":{\"@type\":\"PropertyValueSpecification\",\"valueRequired\":true,\"valueName\":\"search_term_string\"}}],\"inLanguage\":\"en-US\"},{\"@type\":\"Organization\",\"@id\":\"https:\\\/\\\/navsystems.shop\\\/#organization\",\"name\":\"NavSystems\",\"url\":\"https:\\\/\\\/navsystems.shop\\\/\",\"logo\":{\"@type\":\"ImageObject\",\"inLanguage\":\"en-US\",\"@id\":\"https:\\\/\\\/navsystems.shop\\\/#\\\/schema\\\/logo\\\/image\\\/\",\"url\":\"https:\\\/\\\/navsystems.shop\\\/wp-content\\\/uploads\\\/2025\\\/04\\\/cropped-logo-Navsystems-GTrans-update-work-file.png\",\"contentUrl\":\"https:\\\/\\\/navsystems.shop\\\/wp-content\\\/uploads\\\/2025\\\/04\\\/cropped-logo-Navsystems-GTrans-update-work-file.png\",\"width\":1182,\"height\":240,\"caption\":\"NavSystems\"},\"image\":{\"@id\":\"https:\\\/\\\/navsystems.shop\\\/#\\\/schema\\\/logo\\\/image\\\/\"}}]}<\/script>\n<!-- \/ Yoast SEO plugin. -->","yoast_head_json":{"title":"Raymarine lisab Axiom kaardiplotterite ekraanidele v\u00f5imsad uued kalap\u00fc\u00fcgiv\u00f5imalused - NavSystems","robots":{"index":"index","follow":"follow","max-snippet":"max-snippet:-1","max-image-preview":"max-image-preview:large","max-video-preview":"max-video-preview:-1"},"canonical":"https:\/\/navsystems.shop\/en\/raymarine-lisab-axiom-kaardiplotterite-ekraanidele-voimsad-uued-kalapuugivoimalused\/","og_locale":"en_US","og_type":"article","og_title":"Raymarine lisab Axiom kaardiplotterite ekraanidele v\u00f5imsad uued kalap\u00fc\u00fcgiv\u00f5imalused - NavSystems","og_description":"Raymarine lisab Axiom kaardiplotterite ekraanidele v\u00f5imsad uued kalap\u00fc\u00fcgiv\u00f5imalused Raymarine \u2013 juhtiv k\u00f5rgekvaliteediliste mereseadmete tootja vabaajapurjetajatele, merep\u00e4\u00e4stjatele ja korrakaitseorganitele \u2013 teatas t\u00e4na Axiom ekraanidele lisatud uute v\u00f5imsate kalap\u00fc\u00fcgifunktsioonide turule toomisest. Augustis ilmuv Lighthouse 4.7 tarkvarauuendus annab Axiom kasutajatele t\u00e4ieliku paadi juhtimise otse kaardiplotteri ekraanilt, sealhulgas Power-Pole madalaveeankrute ja MOVE harjavabade elektrimootorite (sh uus MOVE Offshore mudel [&hellip;]","og_url":"https:\/\/navsystems.shop\/en\/raymarine-lisab-axiom-kaardiplotterite-ekraanidele-voimsad-uued-kalapuugivoimalused\/","og_site_name":"NavSystems","article_modified_time":"2025-04-13T14:21:20+00:00","twitter_card":"summary_large_image","twitter_misc":{"Est. reading time":"3 minutes"},"schema":{"@context":"https:\/\/schema.org","@graph":[{"@type":"WebPage","@id":"https:\/\/navsystems.shop\/raymarine-lisab-axiom-kaardiplotterite-ekraanidele-voimsad-uued-kalapuugivoimalused\/","url":"https:\/\/navsystems.shop\/raymarine-lisab-axiom-kaardiplotterite-ekraanidele-voimsad-uued-kalapuugivoimalused\/","name":"Raymarine lisab Axiom kaardiplotterite ekraanidele v\u00f5imsad uued kalap\u00fc\u00fcgiv\u00f5imalused - NavSystems","isPartOf":{"@id":"https:\/\/navsystems.shop\/#website"},"datePublished":"2025-04-13T14:12:21+00:00","dateModified":"2025-04-13T14:21:20+00:00","breadcrumb":{"@id":"https:\/\/navsystems.shop\/raymarine-lisab-axiom-kaardiplotterite-ekraanidele-voimsad-uued-kalapuugivoimalused\/#breadcrumb"},"inLanguage":"en-US","potentialAction":[{"@type":"ReadAction","target":["https:\/\/navsystems.shop\/raymarine-lisab-axiom-kaardiplotterite-ekraanidele-voimsad-uued-kalapuugivoimalused\/"]}]},{"@type":"BreadcrumbList","@id":"https:\/\/navsystems.shop\/raymarine-lisab-axiom-kaardiplotterite-ekraanidele-voimsad-uued-kalapuugivoimalused\/#breadcrumb","itemListElement":[{"@type":"ListItem","position":1,"name":"Home","item":"https:\/\/navsystems.shop\/"},{"@type":"ListItem","position":2,"name":"Raymarine lisab Axiom kaardiplotterite ekraanidele v\u00f5imsad uued kalap\u00fc\u00fcgiv\u00f5imalused"}]},{"@type":"WebSite","@id":"https:\/\/navsystems.shop\/#website","url":"https:\/\/navsystems.shop\/","name":"NavSystems","description":"","publisher":{"@id":"https:\/\/navsystems.shop\/#organization"},"potentialAction":[{"@type":"SearchAction","target":{"@type":"EntryPoint","urlTemplate":"https:\/\/navsystems.shop\/?s={search_term_string}"},"query-input":{"@type":"PropertyValueSpecification","valueRequired":true,"valueName":"search_term_string"}}],"inLanguage":"en-US"},{"@type":"Organization","@id":"https:\/\/navsystems.shop\/#organization","name":"NavSystems","url":"https:\/\/navsystems.shop\/","logo":{"@type":"ImageObject","inLanguage":"en-US","@id":"https:\/\/navsystems.shop\/#\/schema\/logo\/image\/","url":"https:\/\/navsystems.shop\/wp-content\/uploads\/2025\/04\/cropped-logo-Navsystems-GTrans-update-work-file.png","contentUrl":"https:\/\/navsystems.shop\/wp-content\/uploads\/2025\/04\/cropped-logo-Navsystems-GTrans-update-work-file.png","width":1182,"height":240,"caption":"NavSystems"},"image":{"@id":"https:\/\/navsystems.shop\/#\/schema\/logo\/image\/"}}]}},"jetpack_sharing_enabled":true,"_links":{"self":[{"href":"https:\/\/navsystems.shop\/en\/wp-json\/wp\/v2\/pages\/8418","targetHints":{"allow":["GET"]}}],"collection":[{"href":"https:\/\/navsystems.shop\/en\/wp-json\/wp\/v2\/pages"}],"about":[{"href":"https:\/\/navsystems.shop\/en\/wp-json\/wp\/v2\/types\/page"}],"author":[{"embeddable":true,"href":"https:\/\/navsystems.shop\/en\/wp-json\/wp\/v2\/users\/1"}],"replies":[{"embeddable":true,"href":"https:\/\/navsystems.shop\/en\/wp-json\/wp\/v2\/comments?post=8418"}],"version-history":[{"count":4,"href":"https:\/\/navsystems.shop\/en\/wp-json\/wp\/v2\/pages\/8418\/revisions"}],"predecessor-version":[{"id":8424,"href":"https:\/\/navsystems.shop\/en\/wp-json\/wp\/v2\/pages\/8418\/revisions\/8424"}],"wp:attachment":[{"href":"https:\/\/navsystems.shop\/en\/wp-json\/wp\/v2\/media?parent=8418"}],"curies":[{"name":"wp","href":"https:\/\/api.w.org\/{rel}","templated":true}]}}