{"id":8088,"date":"2025-02-16T10:33:29","date_gmt":"2025-02-16T08:33:29","guid":{"rendered":"https:\/\/raymarine.ee\/?post_type=product&#038;p=8088"},"modified":"2025-02-16T10:37:12","modified_gmt":"2025-02-16T08:37:12","slug":"quantum-radar-data-cable-15m-raynet-pistikuga","status":"publish","type":"product","link":"https:\/\/navsystems.shop\/en\/product\/quantum-radar-data-cable-15m-raynet-pistikuga\/","title":{"rendered":"Quantum Radar Data Cable 15m (RayNet pistikuga)"},"content":{"rendered":"<p>Quantum Radari Data Cable on vajalik radari \u00fchendamiseks switch-i v\u00f5i plotterisse. Kui data kaablit on paha vedada saab Quantum radari \u00fchendada Master plotteriga ka Wi-Fi kaudu. Toitekaabel peab radaril olema \u00fchendatud, Quantum radatite toitepinge on 12\/24V.<\/p>","protected":false},"excerpt":{"rendered":"<p>Quantum Radari Data Cable on vajalik radari \u00fchendamiseks switch-i v\u00f5i plotterisse. Kui data kaablit on paha vedada saab Quantum radari \u00fchendada Master plotteriga ka Wi-Fi kaudu. Toitekaabel peab radaril olema \u00fchendatud, Quantum radatite toitepinge on 12\/24V.<\/p>","protected":false},"featured_media":8085,"template":"","meta":[],"product_brand":[134],"product_cat":[82,344],"product_tag":[],"class_list":{"0":"post-8088","1":"product","2":"type-product","3":"status-publish","4":"has-post-thumbnail","6":"product_brand-raymarine","7":"product_cat-radaritarvikud","8":"product_cat-raynet","10":"first","11":"instock","12":"sale","13":"featured","14":"taxable","15":"shipping-taxable","16":"purchasable","17":"product-type-simple"},"yoast_head":"<!-- This site is optimized with the Yoast SEO plugin v27.3 - https:\/\/yoast.com\/product\/yoast-seo-wordpress\/ -->\n<title>Quantum Radar Data Cable 15m (RayNet pistikuga) - NavSystems<\/title>\n<meta name=\"robots\" content=\"index, follow, max-snippet:-1, max-image-preview:large, max-video-preview:-1\" \/>\n<link rel=\"canonical\" href=\"https:\/\/navsystems.shop\/en\/product\/quantum-radar-data-cable-15m-raynet-pistikuga\/\" \/>\n<meta property=\"og:locale\" content=\"en_US\" \/>\n<meta property=\"og:type\" content=\"article\" \/>\n<meta property=\"og:title\" content=\"Quantum Radar Data Cable 15m (RayNet pistikuga) - NavSystems\" \/>\n<meta property=\"og:description\" content=\"Quantum Radari Data Cable on vajalik radari \u00fchendamiseks switch-i v\u00f5i plotterisse. Kui data kaablit on paha vedada saab Quantum radari \u00fchendada Master plotteriga ka Wi-Fi kaudu. Toitekaabel peab radaril olema \u00fchendatud, Quantum radatite toitepinge on 12\/24V.\" \/>\n<meta property=\"og:url\" content=\"https:\/\/navsystems.shop\/en\/product\/quantum-radar-data-cable-15m-raynet-pistikuga\/\" \/>\n<meta property=\"og:site_name\" content=\"NavSystems\" \/>\n<meta property=\"article:modified_time\" content=\"2025-02-16T08:37:12+00:00\" \/>\n<meta property=\"og:image\" content=\"https:\/\/navsystems.shop\/wp-content\/uploads\/2025\/02\/c8db671b-9749-481f-bf5c-7fcd78831768.webp\" \/>\n\t<meta property=\"og:image:width\" content=\"1024\" \/>\n\t<meta property=\"og:image:height\" content=\"1024\" \/>\n\t<meta property=\"og:image:type\" content=\"image\/webp\" \/>\n<meta name=\"twitter:card\" content=\"summary_large_image\" \/>\n<script type=\"application\/ld+json\" class=\"yoast-schema-graph\">{\"@context\":\"https:\\\/\\\/schema.org\",\"@graph\":[{\"@type\":\"WebPage\",\"@id\":\"https:\\\/\\\/navsystems.shop\\\/product\\\/quantum-radar-data-cable-15m-raynet-pistikuga\\\/\",\"url\":\"https:\\\/\\\/navsystems.shop\\\/product\\\/quantum-radar-data-cable-15m-raynet-pistikuga\\\/\",\"name\":\"Quantum Radar Data Cable 15m (RayNet pistikuga) - NavSystems\",\"isPartOf\":{\"@id\":\"https:\\\/\\\/navsystems.shop\\\/#website\"},\"primaryImageOfPage\":{\"@id\":\"https:\\\/\\\/navsystems.shop\\\/product\\\/quantum-radar-data-cable-15m-raynet-pistikuga\\\/#primaryimage\"},\"image\":{\"@id\":\"https:\\\/\\\/navsystems.shop\\\/product\\\/quantum-radar-data-cable-15m-raynet-pistikuga\\\/#primaryimage\"},\"thumbnailUrl\":\"https:\\\/\\\/navsystems.shop\\\/wp-content\\\/uploads\\\/2025\\\/02\\\/c8db671b-9749-481f-bf5c-7fcd78831768.webp\",\"datePublished\":\"2025-02-16T08:33:29+00:00\",\"dateModified\":\"2025-02-16T08:37:12+00:00\",\"breadcrumb\":{\"@id\":\"https:\\\/\\\/navsystems.shop\\\/product\\\/quantum-radar-data-cable-15m-raynet-pistikuga\\\/#breadcrumb\"},\"inLanguage\":\"en-US\",\"potentialAction\":[{\"@type\":\"ReadAction\",\"target\":[\"https:\\\/\\\/navsystems.shop\\\/product\\\/quantum-radar-data-cable-15m-raynet-pistikuga\\\/\"]}]},{\"@type\":\"ImageObject\",\"inLanguage\":\"en-US\",\"@id\":\"https:\\\/\\\/navsystems.shop\\\/product\\\/quantum-radar-data-cable-15m-raynet-pistikuga\\\/#primaryimage\",\"url\":\"https:\\\/\\\/navsystems.shop\\\/wp-content\\\/uploads\\\/2025\\\/02\\\/c8db671b-9749-481f-bf5c-7fcd78831768.webp\",\"contentUrl\":\"https:\\\/\\\/navsystems.shop\\\/wp-content\\\/uploads\\\/2025\\\/02\\\/c8db671b-9749-481f-bf5c-7fcd78831768.webp\",\"width\":1024,\"height\":1024},{\"@type\":\"BreadcrumbList\",\"@id\":\"https:\\\/\\\/navsystems.shop\\\/product\\\/quantum-radar-data-cable-15m-raynet-pistikuga\\\/#breadcrumb\",\"itemListElement\":[{\"@type\":\"ListItem\",\"position\":1,\"name\":\"Home\",\"item\":\"https:\\\/\\\/navsystems.shop\\\/\"},{\"@type\":\"ListItem\",\"position\":2,\"name\":\"Tooted\",\"item\":\"https:\\\/\\\/navsystems.shop\\\/homepage\\\/\"},{\"@type\":\"ListItem\",\"position\":3,\"name\":\"Quantum Radar Data Cable 15m (RayNet pistikuga)\"}]},{\"@type\":\"WebSite\",\"@id\":\"https:\\\/\\\/navsystems.shop\\\/#website\",\"url\":\"https:\\\/\\\/navsystems.shop\\\/\",\"name\":\"NavSystems\",\"description\":\"\",\"publisher\":{\"@id\":\"https:\\\/\\\/navsystems.shop\\\/#organization\"},\"potentialAction\":[{\"@type\":\"SearchAction\",\"target\":{\"@type\":\"EntryPoint\",\"urlTemplate\":\"https:\\\/\\\/navsystems.shop\\\/?s={search_term_string}\"},\"query-input\":{\"@type\":\"PropertyValueSpecification\",\"valueRequired\":true,\"valueName\":\"search_term_string\"}}],\"inLanguage\":\"en-US\"},{\"@type\":\"Organization\",\"@id\":\"https:\\\/\\\/navsystems.shop\\\/#organization\",\"name\":\"NavSystems\",\"url\":\"https:\\\/\\\/navsystems.shop\\\/\",\"logo\":{\"@type\":\"ImageObject\",\"inLanguage\":\"en-US\",\"@id\":\"https:\\\/\\\/navsystems.shop\\\/#\\\/schema\\\/logo\\\/image\\\/\",\"url\":\"https:\\\/\\\/navsystems.shop\\\/wp-content\\\/uploads\\\/2025\\\/04\\\/cropped-logo-Navsystems-GTrans-update-work-file.png\",\"contentUrl\":\"https:\\\/\\\/navsystems.shop\\\/wp-content\\\/uploads\\\/2025\\\/04\\\/cropped-logo-Navsystems-GTrans-update-work-file.png\",\"width\":1182,\"height\":240,\"caption\":\"NavSystems\"},\"image\":{\"@id\":\"https:\\\/\\\/navsystems.shop\\\/#\\\/schema\\\/logo\\\/image\\\/\"}}]}<\/script>\n<!-- \/ Yoast SEO plugin. -->","yoast_head_json":{"title":"Quantum Radar Data Cable 15m (RayNet pistikuga) - NavSystems","robots":{"index":"index","follow":"follow","max-snippet":"max-snippet:-1","max-image-preview":"max-image-preview:large","max-video-preview":"max-video-preview:-1"},"canonical":"https:\/\/navsystems.shop\/en\/product\/quantum-radar-data-cable-15m-raynet-pistikuga\/","og_locale":"en_US","og_type":"article","og_title":"Quantum Radar Data Cable 15m (RayNet pistikuga) - NavSystems","og_description":"Quantum Radari Data Cable on vajalik radari \u00fchendamiseks switch-i v\u00f5i plotterisse. Kui data kaablit on paha vedada saab Quantum radari \u00fchendada Master plotteriga ka Wi-Fi kaudu. Toitekaabel peab radaril olema \u00fchendatud, Quantum radatite toitepinge on 12\/24V.","og_url":"https:\/\/navsystems.shop\/en\/product\/quantum-radar-data-cable-15m-raynet-pistikuga\/","og_site_name":"NavSystems","article_modified_time":"2025-02-16T08:37:12+00:00","og_image":[{"width":1024,"height":1024,"url":"https:\/\/navsystems.shop\/wp-content\/uploads\/2025\/02\/c8db671b-9749-481f-bf5c-7fcd78831768.webp","type":"image\/webp"}],"twitter_card":"summary_large_image","schema":{"@context":"https:\/\/schema.org","@graph":[{"@type":"WebPage","@id":"https:\/\/navsystems.shop\/product\/quantum-radar-data-cable-15m-raynet-pistikuga\/","url":"https:\/\/navsystems.shop\/product\/quantum-radar-data-cable-15m-raynet-pistikuga\/","name":"Quantum Radar Data Cable 15m (RayNet pistikuga) - NavSystems","isPartOf":{"@id":"https:\/\/navsystems.shop\/#website"},"primaryImageOfPage":{"@id":"https:\/\/navsystems.shop\/product\/quantum-radar-data-cable-15m-raynet-pistikuga\/#primaryimage"},"image":{"@id":"https:\/\/navsystems.shop\/product\/quantum-radar-data-cable-15m-raynet-pistikuga\/#primaryimage"},"thumbnailUrl":"https:\/\/navsystems.shop\/wp-content\/uploads\/2025\/02\/c8db671b-9749-481f-bf5c-7fcd78831768.webp","datePublished":"2025-02-16T08:33:29+00:00","dateModified":"2025-02-16T08:37:12+00:00","breadcrumb":{"@id":"https:\/\/navsystems.shop\/product\/quantum-radar-data-cable-15m-raynet-pistikuga\/#breadcrumb"},"inLanguage":"en-US","potentialAction":[{"@type":"ReadAction","target":["https:\/\/navsystems.shop\/product\/quantum-radar-data-cable-15m-raynet-pistikuga\/"]}]},{"@type":"ImageObject","inLanguage":"en-US","@id":"https:\/\/navsystems.shop\/product\/quantum-radar-data-cable-15m-raynet-pistikuga\/#primaryimage","url":"https:\/\/navsystems.shop\/wp-content\/uploads\/2025\/02\/c8db671b-9749-481f-bf5c-7fcd78831768.webp","contentUrl":"https:\/\/navsystems.shop\/wp-content\/uploads\/2025\/02\/c8db671b-9749-481f-bf5c-7fcd78831768.webp","width":1024,"height":1024},{"@type":"BreadcrumbList","@id":"https:\/\/navsystems.shop\/product\/quantum-radar-data-cable-15m-raynet-pistikuga\/#breadcrumb","itemListElement":[{"@type":"ListItem","position":1,"name":"Home","item":"https:\/\/navsystems.shop\/"},{"@type":"ListItem","position":2,"name":"Tooted","item":"https:\/\/navsystems.shop\/homepage\/"},{"@type":"ListItem","position":3,"name":"Quantum Radar Data Cable 15m (RayNet pistikuga)"}]},{"@type":"WebSite","@id":"https:\/\/navsystems.shop\/#website","url":"https:\/\/navsystems.shop\/","name":"NavSystems","description":"","publisher":{"@id":"https:\/\/navsystems.shop\/#organization"},"potentialAction":[{"@type":"SearchAction","target":{"@type":"EntryPoint","urlTemplate":"https:\/\/navsystems.shop\/?s={search_term_string}"},"query-input":{"@type":"PropertyValueSpecification","valueRequired":true,"valueName":"search_term_string"}}],"inLanguage":"en-US"},{"@type":"Organization","@id":"https:\/\/navsystems.shop\/#organization","name":"NavSystems","url":"https:\/\/navsystems.shop\/","logo":{"@type":"ImageObject","inLanguage":"en-US","@id":"https:\/\/navsystems.shop\/#\/schema\/logo\/image\/","url":"https:\/\/navsystems.shop\/wp-content\/uploads\/2025\/04\/cropped-logo-Navsystems-GTrans-update-work-file.png","contentUrl":"https:\/\/navsystems.shop\/wp-content\/uploads\/2025\/04\/cropped-logo-Navsystems-GTrans-update-work-file.png","width":1182,"height":240,"caption":"NavSystems"},"image":{"@id":"https:\/\/navsystems.shop\/#\/schema\/logo\/image\/"}}]}},"jetpack_sharing_enabled":true,"_links":{"self":[{"href":"https:\/\/navsystems.shop\/en\/wp-json\/wp\/v2\/product\/8088","targetHints":{"allow":["GET"]}}],"collection":[{"href":"https:\/\/navsystems.shop\/en\/wp-json\/wp\/v2\/product"}],"about":[{"href":"https:\/\/navsystems.shop\/en\/wp-json\/wp\/v2\/types\/product"}],"wp:featuredmedia":[{"embeddable":true,"href":"https:\/\/navsystems.shop\/en\/wp-json\/wp\/v2\/media\/8085"}],"wp:attachment":[{"href":"https:\/\/navsystems.shop\/en\/wp-json\/wp\/v2\/media?parent=8088"}],"wp:term":[{"taxonomy":"product_brand","embeddable":true,"href":"https:\/\/navsystems.shop\/en\/wp-json\/wp\/v2\/product_brand?post=8088"},{"taxonomy":"product_cat","embeddable":true,"href":"https:\/\/navsystems.shop\/en\/wp-json\/wp\/v2\/product_cat?post=8088"},{"taxonomy":"product_tag","embeddable":true,"href":"https:\/\/navsystems.shop\/en\/wp-json\/wp\/v2\/product_tag?post=8088"}],"curies":[{"name":"wp","href":"https:\/\/api.w.org\/{rel}","templated":true}]}}